{"id":3935,"date":"2021-03-09T19:57:26","date_gmt":"2021-03-09T19:57:26","guid":{"rendered":"http:\/\/www.comie.org.mx\/congreso\/2021\/sitio\/cms\/?page_id=3935"},"modified":"2021-04-16T16:43:40","modified_gmt":"2021-04-16T16:43:40","slug":"informacion-general-contribuciones","status":"publish","type":"page","link":"https:\/\/www.comie.org.mx\/congreso\/2021\/sitio\/cms\/informacion-general-contribuciones\/","title":{"rendered":"Informaci\u00f3n general de contribuciones"},"content":{"rendered":"\t\t<div data-elementor-type=\"wp-page\" data-elementor-id=\"3935\" class=\"elementor elementor-3935\" data-elementor-settings=\"[]\">\n\t\t\t\t\t\t\t<div class=\"elementor-section-wrap\">\n\t\t\t\t\t\t\t<section class=\"elementor-section elementor-top-section elementor-element elementor-element-90846f2 elementor-section-boxed elementor-section-height-default elementor-section-height-default\" data-id=\"90846f2\" data-element_type=\"section\">\n\t\t\t\t\t\t<div class=\"elementor-container elementor-column-gap-default\">\n\t\t\t\t\t<div class=\"elementor-column elementor-col-100 elementor-top-column elementor-element elementor-element-18df0d4\" data-id=\"18df0d4\" data-element_type=\"column\">\n\t\t\t<div class=\"elementor-widget-wrap elementor-element-populated\">\n\t\t\t\t\t\t\t\t<div class=\"elementor-element elementor-element-902ca63 elementor-widget elementor-widget-text-editor\" data-id=\"902ca63\" data-element_type=\"widget\" data-widget_type=\"text-editor.default\">\n\t\t\t\t<div class=\"elementor-widget-container\">\n\t\t\t\t\t<div class=\"elementor-text-editor elementor-clearfix\"><p>Para todas y todos los interesados en participar en el XVI CNIE o VI ENEPE se ofrecen diferentes modalidades de participaci\u00f3n que ser\u00e1n sometidas<br \/>a dictamen doble ciego:<\/p><p><strong>XVI CNIE<\/strong><\/p><ol><li>Ponencias<ul><li>Reportes parciales o finales de investigaci\u00f3n<\/li><li>Aportaciones te\u00f3ricas<\/li><li>Intervenciones educativas<\/li><\/ul><\/li><li>Simposios<\/li><li>Presentaci\u00f3n de libros<\/li><li>Materiales videogr\u00e1ficos<\/li><\/ol><p><strong>VI ENEPE<\/strong><\/p><ol><li>Ponencias<ul><li>Trabajos de investigaci\u00f3n educativa asociados a tesis de grado<\/li><li>Trabajos de intervenci\u00f3n educativa (Tesis) con resultados preliminares o definitivos<\/li><\/ul><\/li><\/ol><p>Los trabajos que hayan sido aceptados, independientemente de la modalidad de participaci\u00f3n, s\u00f3lo se incluir\u00e1n en la programaci\u00f3n, con el pago de la cuota de inscripci\u00f3n al Congreso de todos los integrantes de dicha colaboraci\u00f3n, durante el primer periodo de inscripci\u00f3n.<\/p><p>Las personas interesadas podr\u00e1n enviar un m\u00e1ximo de tres propuestas de participaci\u00f3n. La fecha l\u00edmite de registro de contribuciones es el<strong> 21 de abril de 2021.\u00a0<\/strong><\/p><\/div>\n\t\t\t\t<\/div>\n\t\t\t\t<\/div>\n\t\t\t\t\t<\/div>\n\t\t<\/div>\n\t\t\t\t\t\t\t<\/div>\n\t\t<\/section>\n\t\t\t\t<section class=\"elementor-section elementor-top-section elementor-element elementor-element-5ca463d elementor-section-boxed elementor-section-height-default elementor-section-height-default\" data-id=\"5ca463d\" data-element_type=\"section\">\n\t\t\t\t\t\t<div class=\"elementor-container elementor-column-gap-default\">\n\t\t\t\t\t<div class=\"elementor-column elementor-col-100 elementor-top-column elementor-element elementor-element-32a3507\" data-id=\"32a3507\" data-element_type=\"column\">\n\t\t\t<div class=\"elementor-widget-wrap elementor-element-populated\">\n\t\t\t\t\t\t\t\t<div class=\"elementor-element elementor-element-45f3aa5 elementor-align-center elementor-widget elementor-widget-button\" data-id=\"45f3aa5\" data-element_type=\"widget\" data-widget_type=\"button.default\">\n\t\t\t\t<div class=\"elementor-widget-container\">\n\t\t\t\t\t<div class=\"elementor-button-wrapper\">\n\t\t\t<a href=\"https:\/\/comie.org.mx\/congreso\/2021\/sigecic\/xtrusr\/mercc\/\" target=\"_blank\" class=\"elementor-button-link elementor-button elementor-size-sm\" role=\"button\">\n\t\t\t\t\t\t<span class=\"elementor-button-content-wrapper\">\n\t\t\t\t\t\t<span class=\"elementor-button-text\">M\u00f3dulo de registro de contribuciones<\/span>\n\t\t<\/span>\n\t\t\t\t\t<\/a>\n\t\t<\/div>\n\t\t\t\t<\/div>\n\t\t\t\t<\/div>\n\t\t\t\t\t<\/div>\n\t\t<\/div>\n\t\t\t\t\t\t\t<\/div>\n\t\t<\/section>\n\t\t\t\t\t\t<\/div>\n\t\t\t\t\t<\/div>\n\t\t","protected":false},"excerpt":{"rendered":"<p>Para todas y todos los interesados en participar en el XVI CNIE o VI ENEPE se ofrecen diferentes modalidades de participaci\u00f3n que ser\u00e1n sometidasa dictamen doble ciego: XVI CNIE Ponencias Reportes parciales o finales de investigaci\u00f3n Aportaciones te\u00f3ricas Intervenciones educativas Simposios Presentaci\u00f3n de libros Materiales videogr\u00e1ficos VI ENEPE Ponencias Trabajos de investigaci\u00f3n educativa asociados a&#8230; <\/p>\n<div class=\"clear\"><\/div>\n<p><a href=\"https:\/\/www.comie.org.mx\/congreso\/2021\/sitio\/cms\/informacion-general-contribuciones\/\" class=\"gdlr-info-font excerpt-read-more\">Leer m\u00e1s<\/a><\/p>\n","protected":false},"author":1,"featured_media":0,"parent":0,"menu_order":0,"comment_status":"closed","ping_status":"closed","template":"","meta":{"footnotes":""},"class_list":["post-3935","page","type-page","status-publish","hentry"],"_links":{"self":[{"href":"https:\/\/www.comie.org.mx\/congreso\/2021\/sitio\/cms\/wp-json\/wp\/v2\/pages\/3935","targetHints":{"allow":["GET"]}}],"collection":[{"href":"https:\/\/www.comie.org.mx\/congreso\/2021\/sitio\/cms\/wp-json\/wp\/v2\/pages"}],"about":[{"href":"https:\/\/www.comie.org.mx\/congreso\/2021\/sitio\/cms\/wp-json\/wp\/v2\/types\/page"}],"author":[{"embeddable":true,"href":"https:\/\/www.comie.org.mx\/congreso\/2021\/sitio\/cms\/wp-json\/wp\/v2\/users\/1"}],"replies":[{"embeddable":true,"href":"https:\/\/www.comie.org.mx\/congreso\/2021\/sitio\/cms\/wp-json\/wp\/v2\/comments?post=3935"}],"version-history":[{"count":10,"href":"https:\/\/www.comie.org.mx\/congreso\/2021\/sitio\/cms\/wp-json\/wp\/v2\/pages\/3935\/revisions"}],"predecessor-version":[{"id":4409,"href":"https:\/\/www.comie.org.mx\/congreso\/2021\/sitio\/cms\/wp-json\/wp\/v2\/pages\/3935\/revisions\/4409"}],"wp:attachment":[{"href":"https:\/\/www.comie.org.mx\/congreso\/2021\/sitio\/cms\/wp-json\/wp\/v2\/media?parent=3935"}],"curies":[{"name":"wp","href":"https:\/\/api.w.org\/{rel}","templated":true}]}}