{"id":3937,"date":"2021-03-09T19:59:19","date_gmt":"2021-03-09T19:59:19","guid":{"rendered":"http:\/\/www.comie.org.mx\/congreso\/2021\/sitio\/cms\/?page_id=3937"},"modified":"2021-04-13T20:42:46","modified_gmt":"2021-04-13T20:42:46","slug":"recepcion-de-contribuciones","status":"publish","type":"page","link":"https:\/\/www.comie.org.mx\/congreso\/2021\/sitio\/cms\/recepcion-de-contribuciones\/","title":{"rendered":"Recepci\u00f3n de contribuciones"},"content":{"rendered":"\t\t<div data-elementor-type=\"wp-page\" data-elementor-id=\"3937\" class=\"elementor elementor-3937\" data-elementor-settings=\"[]\">\n\t\t\t\t\t\t\t<div class=\"elementor-section-wrap\">\n\t\t\t\t\t\t\t<section class=\"elementor-section elementor-top-section elementor-element elementor-element-bc71ff8 elementor-section-boxed elementor-section-height-default elementor-section-height-default\" data-id=\"bc71ff8\" data-element_type=\"section\">\n\t\t\t\t\t\t<div class=\"elementor-container elementor-column-gap-default\">\n\t\t\t\t\t<div class=\"elementor-column elementor-col-100 elementor-top-column elementor-element elementor-element-0fbbaaa\" data-id=\"0fbbaaa\" data-element_type=\"column\">\n\t\t\t<div class=\"elementor-widget-wrap elementor-element-populated\">\n\t\t\t\t\t\t\t\t<div class=\"elementor-element elementor-element-f49dfe8 elementor-widget elementor-widget-text-editor\" data-id=\"f49dfe8\" data-element_type=\"widget\" data-widget_type=\"text-editor.default\">\n\t\t\t\t<div class=\"elementor-widget-container\">\n\t\t\t\t\t<div class=\"elementor-text-editor elementor-clearfix\"><p>El m\u00f3dulo de registro de contribuciones estar\u00e1 abierto del 15 de febrero al 21 de abril de 2021. Todas las propuestas deben cumplir con los requisitos establecidos en las convocatorias.<\/p><p>El Comit\u00e9 Cient\u00edfico del XVI Congreso y el VI ENEPE organizar\u00e1n el proceso de dictaminaci\u00f3n que ser\u00e1 doble ciego para cada uno de los trabajos recibidos en las modalidades de participaci\u00f3n descritas e informar\u00e1n, de acuerdo con las fechas de la convocatoria, el resultado de manera individual.<\/p><p>Las autoras y los autores deber\u00e1n tomar en cuenta las siguientes consideraciones:<\/p><ol><li>Si la propuesta no cumple con los requisitos de formato establecido en la presente convocatoria, no ser\u00e1 dictaminada.<\/li><li>Los autores deber\u00e1n cumplir\u00a0con los compromisos \u00e9ticos establecidos para las publicaciones cient\u00edficas. El COMIE se apega al c\u00f3digo de \u00e9tica de COPE (Committee on Publications Ethics)<br \/>disponible en:\u00a0\u00a0<strong><a href=\"http:\/\/publicationethics.org\/resources\/code-conduct\">http:\/\/publicationethics.org\/resources\/code-conduct<\/a><\/strong>.<\/li><li>El resultado de la dictaminaci\u00f3n es inapelable.<\/li><li>\u00a0Una vez incluido en el programa no ser\u00e1 posible hacer cambios.<\/li><\/ol><\/div>\n\t\t\t\t<\/div>\n\t\t\t\t<\/div>\n\t\t\t\t\t<\/div>\n\t\t<\/div>\n\t\t\t\t\t\t\t<\/div>\n\t\t<\/section>\n\t\t\t\t<section class=\"elementor-section elementor-top-section elementor-element elementor-element-9e506df elementor-section-boxed elementor-section-height-default elementor-section-height-default\" data-id=\"9e506df\" data-element_type=\"section\">\n\t\t\t\t\t\t<div class=\"elementor-container elementor-column-gap-default\">\n\t\t\t\t\t<div class=\"elementor-column elementor-col-100 elementor-top-column elementor-element elementor-element-f6608b7\" data-id=\"f6608b7\" data-element_type=\"column\">\n\t\t\t<div class=\"elementor-widget-wrap elementor-element-populated\">\n\t\t\t\t\t\t\t\t<div class=\"elementor-element elementor-element-cfc14d4 elementor-align-center elementor-widget elementor-widget-button\" data-id=\"cfc14d4\" data-element_type=\"widget\" data-widget_type=\"button.default\">\n\t\t\t\t<div class=\"elementor-widget-container\">\n\t\t\t\t\t<div class=\"elementor-button-wrapper\">\n\t\t\t<a href=\"http:\/\/www.comie.org.mx\/congreso\/2021\/sigecic\/xtrusr\/mercc\/\" target=\"_blank\" class=\"elementor-button-link elementor-button elementor-size-lg\" role=\"button\">\n\t\t\t\t\t\t<span class=\"elementor-button-content-wrapper\">\n\t\t\t\t\t\t<span class=\"elementor-button-text\">M\u00f3dulo de registro de contribuciones<\/span>\n\t\t<\/span>\n\t\t\t\t\t<\/a>\n\t\t<\/div>\n\t\t\t\t<\/div>\n\t\t\t\t<\/div>\n\t\t\t\t\t<\/div>\n\t\t<\/div>\n\t\t\t\t\t\t\t<\/div>\n\t\t<\/section>\n\t\t\t\t\t\t<\/div>\n\t\t\t\t\t<\/div>\n\t\t","protected":false},"excerpt":{"rendered":"<p>El m\u00f3dulo de registro de contribuciones estar\u00e1 abierto del 15 de febrero al 21 de abril de 2021. Todas las propuestas deben cumplir con los requisitos establecidos en las convocatorias. El Comit\u00e9 Cient\u00edfico del XVI Congreso y el VI ENEPE organizar\u00e1n el proceso de dictaminaci\u00f3n que ser\u00e1 doble ciego para cada uno de los trabajos&#8230; <\/p>\n<div class=\"clear\"><\/div>\n<p><a href=\"https:\/\/www.comie.org.mx\/congreso\/2021\/sitio\/cms\/recepcion-de-contribuciones\/\" class=\"gdlr-info-font excerpt-read-more\">Leer m\u00e1s<\/a><\/p>\n","protected":false},"author":1,"featured_media":0,"parent":0,"menu_order":0,"comment_status":"closed","ping_status":"closed","template":"","meta":{"footnotes":""},"class_list":["post-3937","page","type-page","status-publish","hentry"],"_links":{"self":[{"href":"https:\/\/www.comie.org.mx\/congreso\/2021\/sitio\/cms\/wp-json\/wp\/v2\/pages\/3937","targetHints":{"allow":["GET"]}}],"collection":[{"href":"https:\/\/www.comie.org.mx\/congreso\/2021\/sitio\/cms\/wp-json\/wp\/v2\/pages"}],"about":[{"href":"https:\/\/www.comie.org.mx\/congreso\/2021\/sitio\/cms\/wp-json\/wp\/v2\/types\/page"}],"author":[{"embeddable":true,"href":"https:\/\/www.comie.org.mx\/congreso\/2021\/sitio\/cms\/wp-json\/wp\/v2\/users\/1"}],"replies":[{"embeddable":true,"href":"https:\/\/www.comie.org.mx\/congreso\/2021\/sitio\/cms\/wp-json\/wp\/v2\/comments?post=3937"}],"version-history":[{"count":10,"href":"https:\/\/www.comie.org.mx\/congreso\/2021\/sitio\/cms\/wp-json\/wp\/v2\/pages\/3937\/revisions"}],"predecessor-version":[{"id":4380,"href":"https:\/\/www.comie.org.mx\/congreso\/2021\/sitio\/cms\/wp-json\/wp\/v2\/pages\/3937\/revisions\/4380"}],"wp:attachment":[{"href":"https:\/\/www.comie.org.mx\/congreso\/2021\/sitio\/cms\/wp-json\/wp\/v2\/media?parent=3937"}],"curies":[{"name":"wp","href":"https:\/\/api.w.org\/{rel}","templated":true}]}}