{"id":3941,"date":"2021-03-09T20:02:08","date_gmt":"2021-03-09T20:02:08","guid":{"rendered":"http:\/\/www.comie.org.mx\/congreso\/2021\/sitio\/cms\/?page_id=3941"},"modified":"2021-07-14T16:59:00","modified_gmt":"2021-07-14T16:59:00","slug":"informacion-general-inscripciones","status":"publish","type":"page","link":"https:\/\/www.comie.org.mx\/congreso\/2021\/sitio\/cms\/informacion-general-inscripciones\/","title":{"rendered":"Informaci\u00f3n general de inscripciones"},"content":{"rendered":"\t\t<div data-elementor-type=\"wp-page\" data-elementor-id=\"3941\" class=\"elementor elementor-3941\" data-elementor-settings=\"[]\">\n\t\t\t\t\t\t\t<div class=\"elementor-section-wrap\">\n\t\t\t\t\t\t\t<section class=\"elementor-section elementor-top-section elementor-element elementor-element-91bc1e4 elementor-section-boxed elementor-section-height-default elementor-section-height-default\" data-id=\"91bc1e4\" data-element_type=\"section\">\n\t\t\t\t\t\t<div class=\"elementor-container elementor-column-gap-default\">\n\t\t\t\t\t<div class=\"elementor-column elementor-col-100 elementor-top-column elementor-element elementor-element-6616831\" data-id=\"6616831\" data-element_type=\"column\">\n\t\t\t<div class=\"elementor-widget-wrap elementor-element-populated\">\n\t\t\t\t\t\t\t\t<div class=\"elementor-element elementor-element-f722720 elementor-widget elementor-widget-image\" data-id=\"f722720\" data-element_type=\"widget\" data-widget_type=\"image.default\">\n\t\t\t\t<div class=\"elementor-widget-container\">\n\t\t\t\t\t<div class=\"elementor-image\">\n\t\t\t\t\t\t\t\t\t\t<img loading=\"lazy\" decoding=\"async\" width=\"960\" height=\"357\" src=\"https:\/\/www.comie.org.mx\/congreso\/2021\/sitio\/cms\/wp-content\/uploads\/2021\/07\/Tabla-de-costos-CNIE-1024x381.png\" class=\"attachment-large size-large\" alt=\"\" srcset=\"https:\/\/www.comie.org.mx\/congreso\/2021\/sitio\/cms\/wp-content\/uploads\/2021\/07\/Tabla-de-costos-CNIE-1024x381.png 1024w, https:\/\/www.comie.org.mx\/congreso\/2021\/sitio\/cms\/wp-content\/uploads\/2021\/07\/Tabla-de-costos-CNIE-300x112.png 300w, https:\/\/www.comie.org.mx\/congreso\/2021\/sitio\/cms\/wp-content\/uploads\/2021\/07\/Tabla-de-costos-CNIE-768x285.png 768w, https:\/\/www.comie.org.mx\/congreso\/2021\/sitio\/cms\/wp-content\/uploads\/2021\/07\/Tabla-de-costos-CNIE.png 1504w\" sizes=\"auto, (max-width: 960px) 100vw, 960px\" \/>\t\t\t\t\t\t\t\t\t\t\t<\/div>\n\t\t\t\t<\/div>\n\t\t\t\t<\/div>\n\t\t\t\t<div class=\"elementor-element elementor-element-a662fd5 elementor-widget elementor-widget-text-editor\" data-id=\"a662fd5\" data-element_type=\"widget\" data-widget_type=\"text-editor.default\">\n\t\t\t\t<div class=\"elementor-widget-container\">\n\t\t\t\t\t<div class=\"elementor-text-editor elementor-clearfix\"><p>*Ponentes y asistentes<\/p><\/div>\n\t\t\t\t<\/div>\n\t\t\t\t<\/div>\n\t\t\t\t\t<\/div>\n\t\t<\/div>\n\t\t\t\t\t\t\t<\/div>\n\t\t<\/section>\n\t\t\t\t<section class=\"elementor-section elementor-top-section elementor-element elementor-element-d423406 elementor-section-boxed elementor-section-height-default elementor-section-height-default\" data-id=\"d423406\" data-element_type=\"section\">\n\t\t\t\t\t\t<div class=\"elementor-container elementor-column-gap-default\">\n\t\t\t\t\t<div class=\"elementor-column elementor-col-100 elementor-top-column elementor-element elementor-element-cd02e54\" data-id=\"cd02e54\" data-element_type=\"column\">\n\t\t\t<div class=\"elementor-widget-wrap elementor-element-populated\">\n\t\t\t\t\t\t\t\t<div class=\"elementor-element elementor-element-d8c0cd8 elementor-widget elementor-widget-text-editor\" data-id=\"d8c0cd8\" data-element_type=\"widget\" data-widget_type=\"text-editor.default\">\n\t\t\t\t<div class=\"elementor-widget-container\">\n\t\t\t\t\t<div class=\"elementor-text-editor elementor-clearfix\"><p><strong>Consideraciones:<\/strong><\/p><ol><li>Ser\u00e1n considerados en\u00a0la programaci\u00f3n\u00a0del evento, todos los trabajos que hayan sido aceptados, independientemente de la modalidad de participaci\u00f3n,<strong> solo\u00a0con el pago de la cuota de inscripci\u00f3n al Congreso de\u00a0todos los integrantes de dicha colaboraci\u00f3n, durante el primer periodo de inscripci\u00f3n.<\/strong><\/li><li>Para acceder a la cuota como Asociados COMIE, deber\u00e1 contar con sus derechos vigentes, es decir con cuotas pagadas al 2021, como lo se\u00f1ala el Estatuto del Consejo.<\/li><li>S\u00f3lo los estudiantes con credencial o comprobante de estudios vigente podr\u00e1n acceder a la cuota de recuperaci\u00f3n correspondiente a este grupo.<\/li><li>Todos los montos est\u00e1n expresados en pesos mexicanos (MXN)<\/li><li>Estas cuotas no incluyen la inscripci\u00f3n a talleres.<\/li><\/ol><\/div>\n\t\t\t\t<\/div>\n\t\t\t\t<\/div>\n\t\t\t\t<div class=\"elementor-element elementor-element-0eaecd3 elementor-widget elementor-widget-text-editor\" data-id=\"0eaecd3\" data-element_type=\"widget\" data-widget_type=\"text-editor.default\">\n\t\t\t\t<div class=\"elementor-widget-container\">\n\t\t\t\t\t<div class=\"elementor-text-editor elementor-clearfix\"><\/div>\n\t\t\t\t<\/div>\n\t\t\t\t<\/div>\n\t\t\t\t\t<\/div>\n\t\t<\/div>\n\t\t\t\t\t\t\t<\/div>\n\t\t<\/section>\n\t\t\t\t\t\t<\/div>\n\t\t\t\t\t<\/div>\n\t\t","protected":false},"excerpt":{"rendered":"<p>*Ponentes y asistentes Consideraciones: Ser\u00e1n considerados en\u00a0la programaci\u00f3n\u00a0del evento, todos los trabajos que hayan sido aceptados, independientemente de la modalidad de participaci\u00f3n, solo\u00a0con el pago de la cuota de inscripci\u00f3n al Congreso de\u00a0todos los integrantes de dicha colaboraci\u00f3n, durante el primer periodo de inscripci\u00f3n. Para acceder a la cuota como Asociados COMIE, deber\u00e1 contar con&#8230; <\/p>\n<div class=\"clear\"><\/div>\n<p><a href=\"https:\/\/www.comie.org.mx\/congreso\/2021\/sitio\/cms\/informacion-general-inscripciones\/\" class=\"gdlr-info-font excerpt-read-more\">Leer m\u00e1s<\/a><\/p>\n","protected":false},"author":1,"featured_media":0,"parent":0,"menu_order":0,"comment_status":"closed","ping_status":"closed","template":"","meta":{"footnotes":""},"class_list":["post-3941","page","type-page","status-publish","hentry"],"_links":{"self":[{"href":"https:\/\/www.comie.org.mx\/congreso\/2021\/sitio\/cms\/wp-json\/wp\/v2\/pages\/3941","targetHints":{"allow":["GET"]}}],"collection":[{"href":"https:\/\/www.comie.org.mx\/congreso\/2021\/sitio\/cms\/wp-json\/wp\/v2\/pages"}],"about":[{"href":"https:\/\/www.comie.org.mx\/congreso\/2021\/sitio\/cms\/wp-json\/wp\/v2\/types\/page"}],"author":[{"embeddable":true,"href":"https:\/\/www.comie.org.mx\/congreso\/2021\/sitio\/cms\/wp-json\/wp\/v2\/users\/1"}],"replies":[{"embeddable":true,"href":"https:\/\/www.comie.org.mx\/congreso\/2021\/sitio\/cms\/wp-json\/wp\/v2\/comments?post=3941"}],"version-history":[{"count":10,"href":"https:\/\/www.comie.org.mx\/congreso\/2021\/sitio\/cms\/wp-json\/wp\/v2\/pages\/3941\/revisions"}],"predecessor-version":[{"id":4469,"href":"https:\/\/www.comie.org.mx\/congreso\/2021\/sitio\/cms\/wp-json\/wp\/v2\/pages\/3941\/revisions\/4469"}],"wp:attachment":[{"href":"https:\/\/www.comie.org.mx\/congreso\/2021\/sitio\/cms\/wp-json\/wp\/v2\/media?parent=3941"}],"curies":[{"name":"wp","href":"https:\/\/api.w.org\/{rel}","templated":true}]}}