{"id":3958,"date":"2021-03-09T20:18:07","date_gmt":"2021-03-09T20:18:07","guid":{"rendered":"http:\/\/www.comie.org.mx\/congreso\/2021\/sitio\/cms\/?page_id=3958"},"modified":"2021-04-01T22:31:01","modified_gmt":"2021-04-01T22:31:01","slug":"opiniones","status":"publish","type":"page","link":"https:\/\/www.comie.org.mx\/congreso\/2021\/sitio\/cms\/opiniones\/","title":{"rendered":"Opiniones"},"content":{"rendered":"\t\t<div data-elementor-type=\"wp-page\" data-elementor-id=\"3958\" class=\"elementor elementor-3958\" data-elementor-settings=\"[]\">\n\t\t\t\t\t\t\t<div class=\"elementor-section-wrap\">\n\t\t\t\t\t\t\t<section class=\"elementor-section elementor-top-section elementor-element elementor-element-a1fa89d elementor-section-boxed elementor-section-height-default elementor-section-height-default\" data-id=\"a1fa89d\" data-element_type=\"section\">\n\t\t\t\t\t\t<div class=\"elementor-container elementor-column-gap-default\">\n\t\t\t\t\t<div class=\"elementor-column elementor-col-100 elementor-top-column elementor-element elementor-element-ef43a4c\" data-id=\"ef43a4c\" data-element_type=\"column\">\n\t\t\t<div class=\"elementor-widget-wrap elementor-element-populated\">\n\t\t\t\t\t\t\t\t<div class=\"elementor-element elementor-element-020854c elementor-widget elementor-widget-heading\" data-id=\"020854c\" data-element_type=\"widget\" data-widget_type=\"heading.default\">\n\t\t\t\t<div class=\"elementor-widget-container\">\n\t\t\t<h3 class=\"elementor-heading-title elementor-size-default\">En las pr\u00f3ximas semanas estaremos publicando informaci\u00f3n sobre este tema.<\/h3>\t\t<\/div>\n\t\t\t\t<\/div>\n\t\t\t\t<div class=\"elementor-element elementor-element-8e69e78 elementor-widget elementor-widget-progress\" data-id=\"8e69e78\" data-element_type=\"widget\" data-widget_type=\"progress.default\">\n\t\t\t\t<div class=\"elementor-widget-container\">\n\t\t\t\n\t\t<div class=\"elementor-progress-wrapper\" role=\"progressbar\" aria-valuemin=\"0\" aria-valuemax=\"100\" aria-valuenow=\"50\" aria-valuetext=\"PR\u00d3XIMAMENTE\">\n\t\t\t<div class=\"elementor-progress-bar\" data-max=\"50\">\n\t\t\t\t<span class=\"elementor-progress-text\">PR\u00d3XIMAMENTE<\/span>\n\t\t\t\t\t\t\t\t\t<span class=\"elementor-progress-percentage\">50%<\/span>\n\t\t\t\t\t\t\t<\/div>\n\t\t<\/div>\n\t\t\t\t<\/div>\n\t\t\t\t<\/div>\n\t\t\t\t\t<\/div>\n\t\t<\/div>\n\t\t\t\t\t\t\t<\/div>\n\t\t<\/section>\n\t\t\t\t\t\t<\/div>\n\t\t\t\t\t<\/div>\n\t\t","protected":false},"excerpt":{"rendered":"<p>En las pr\u00f3ximas semanas estaremos publicando informaci\u00f3n sobre este tema. PR\u00d3XIMAMENTE 50%<\/p>\n","protected":false},"author":1,"featured_media":0,"parent":0,"menu_order":0,"comment_status":"closed","ping_status":"closed","template":"","meta":{"footnotes":""},"class_list":["post-3958","page","type-page","status-publish","hentry"],"_links":{"self":[{"href":"https:\/\/www.comie.org.mx\/congreso\/2021\/sitio\/cms\/wp-json\/wp\/v2\/pages\/3958","targetHints":{"allow":["GET"]}}],"collection":[{"href":"https:\/\/www.comie.org.mx\/congreso\/2021\/sitio\/cms\/wp-json\/wp\/v2\/pages"}],"about":[{"href":"https:\/\/www.comie.org.mx\/congreso\/2021\/sitio\/cms\/wp-json\/wp\/v2\/types\/page"}],"author":[{"embeddable":true,"href":"https:\/\/www.comie.org.mx\/congreso\/2021\/sitio\/cms\/wp-json\/wp\/v2\/users\/1"}],"replies":[{"embeddable":true,"href":"https:\/\/www.comie.org.mx\/congreso\/2021\/sitio\/cms\/wp-json\/wp\/v2\/comments?post=3958"}],"version-history":[{"count":5,"href":"https:\/\/www.comie.org.mx\/congreso\/2021\/sitio\/cms\/wp-json\/wp\/v2\/pages\/3958\/revisions"}],"predecessor-version":[{"id":4345,"href":"https:\/\/www.comie.org.mx\/congreso\/2021\/sitio\/cms\/wp-json\/wp\/v2\/pages\/3958\/revisions\/4345"}],"wp:attachment":[{"href":"https:\/\/www.comie.org.mx\/congreso\/2021\/sitio\/cms\/wp-json\/wp\/v2\/media?parent=3958"}],"curies":[{"name":"wp","href":"https:\/\/api.w.org\/{rel}","templated":true}]}}