{"id":4599,"date":"2021-10-21T22:43:38","date_gmt":"2021-10-21T22:43:38","guid":{"rendered":"http:\/\/www.comie.org.mx\/congreso\/2021\/sitio\/cms\/?page_id=4599"},"modified":"2021-10-29T18:46:04","modified_gmt":"2021-10-29T18:46:04","slug":"dinamicas-de-presentacion","status":"publish","type":"page","link":"https:\/\/www.comie.org.mx\/congreso\/2021\/sitio\/cms\/dinamicas-de-presentacion\/","title":{"rendered":"Din\u00e1micas de presentaci\u00f3n"},"content":{"rendered":"\t\t<div data-elementor-type=\"wp-page\" data-elementor-id=\"4599\" class=\"elementor elementor-4599\" data-elementor-settings=\"[]\">\n\t\t\t\t\t\t\t<div class=\"elementor-section-wrap\">\n\t\t\t\t\t\t\t<section class=\"elementor-section elementor-top-section elementor-element elementor-element-5f3b53cd elementor-section-boxed elementor-section-height-default elementor-section-height-default\" data-id=\"5f3b53cd\" data-element_type=\"section\">\n\t\t\t\t\t\t<div class=\"elementor-container elementor-column-gap-default\">\n\t\t\t\t\t<div class=\"elementor-column elementor-col-100 elementor-top-column elementor-element elementor-element-27d72d04\" data-id=\"27d72d04\" data-element_type=\"column\">\n\t\t\t<div class=\"elementor-widget-wrap elementor-element-populated\">\n\t\t\t\t\t\t\t\t<div class=\"elementor-element elementor-element-2be9d9e0 elementor-widget elementor-widget-text-editor\" data-id=\"2be9d9e0\" data-element_type=\"widget\" data-widget_type=\"text-editor.default\">\n\t\t\t\t<div class=\"elementor-widget-container\">\n\t\t\t\t\t<div class=\"elementor-text-editor elementor-clearfix\"><span style=\"color: #000000;\">Consulta la din\u00e1mica de presentaci\u00f3n de cada tipo de contribuci\u00f3n:<\/span>\r\n\r\n<strong><span style=\"color: #92aca0;\"><a style=\"color: #92aca0;\" href=\"http:\/\/www.comie.org.mx\/v5\/sitio\/wp-content\/uploads\/2021\/10\/01_PONENCIAS.jpg\">Ponencias<\/a><\/span><\/strong>\r\n\r\n<strong><span style=\"color: #92aca0;\"><a style=\"color: #92aca0;\" href=\"http:\/\/www.comie.org.mx\/v5\/sitio\/wp-content\/uploads\/2021\/10\/02_ENEPE.png\">Ponencias ENEPE<\/a><\/span><\/strong>\r\n\r\n<strong><span style=\"color: #92aca0;\"><a style=\"color: #92aca0;\" href=\"http:\/\/www.comie.org.mx\/v5\/sitio\/wp-content\/uploads\/2021\/10\/03_SIMPOSIA.jpg\">Simposia<\/a><\/span><\/strong>\r\n\r\n<strong><span style=\"color: #92aca0;\"><a style=\"color: #92aca0;\" href=\"http:\/\/www.comie.org.mx\/v5\/sitio\/wp-content\/uploads\/2021\/10\/04_LIBROS.jpg\">Presentaciones de libro<\/a><\/span><\/strong>\r\n\r\n<strong><span style=\"color: #92aca0;\">Material videogr\u00e1fico<\/span><\/strong><\/div>\n\t\t\t\t<\/div>\n\t\t\t\t<\/div>\n\t\t\t\t<div class=\"elementor-element elementor-element-5edce2a elementor-align-center elementor-widget elementor-widget-button\" data-id=\"5edce2a\" data-element_type=\"widget\" data-widget_type=\"button.default\">\n\t\t\t\t<div class=\"elementor-widget-container\">\n\t\t\t\t\t<div class=\"elementor-button-wrapper\">\n\t\t\t<a href=\"https:\/\/comie.org.mx\/sigecic\/2021\/xtrusr\/mrpxvicnie\/\" target=\"_blank\" class=\"elementor-button-link elementor-button elementor-size-sm\" role=\"button\">\n\t\t\t\t\t\t<span class=\"elementor-button-content-wrapper\">\n\t\t\t\t\t\t<span class=\"elementor-button-text\">M\u00f3dulo de recepci\u00f3n de presentaciones<\/span>\n\t\t<\/span>\n\t\t\t\t\t<\/a>\n\t\t<\/div>\n\t\t\t\t<\/div>\n\t\t\t\t<\/div>\n\t\t\t\t\t<\/div>\n\t\t<\/div>\n\t\t\t\t\t\t\t<\/div>\n\t\t<\/section>\n\t\t\t\t\t\t<\/div>\n\t\t\t\t\t<\/div>\n\t\t","protected":false},"excerpt":{"rendered":"<p>Consulta la din\u00e1mica de presentaci\u00f3n de cada tipo de contribuci\u00f3n: Ponencias Ponencias ENEPE Simposia Presentaciones de libro Material videogr\u00e1fico M\u00f3dulo de recepci\u00f3n de presentaciones<\/p>\n","protected":false},"author":3,"featured_media":0,"parent":0,"menu_order":0,"comment_status":"closed","ping_status":"closed","template":"","meta":{"footnotes":""},"class_list":["post-4599","page","type-page","status-publish","hentry"],"_links":{"self":[{"href":"https:\/\/www.comie.org.mx\/congreso\/2021\/sitio\/cms\/wp-json\/wp\/v2\/pages\/4599","targetHints":{"allow":["GET"]}}],"collection":[{"href":"https:\/\/www.comie.org.mx\/congreso\/2021\/sitio\/cms\/wp-json\/wp\/v2\/pages"}],"about":[{"href":"https:\/\/www.comie.org.mx\/congreso\/2021\/sitio\/cms\/wp-json\/wp\/v2\/types\/page"}],"author":[{"embeddable":true,"href":"https:\/\/www.comie.org.mx\/congreso\/2021\/sitio\/cms\/wp-json\/wp\/v2\/users\/3"}],"replies":[{"embeddable":true,"href":"https:\/\/www.comie.org.mx\/congreso\/2021\/sitio\/cms\/wp-json\/wp\/v2\/comments?post=4599"}],"version-history":[{"count":9,"href":"https:\/\/www.comie.org.mx\/congreso\/2021\/sitio\/cms\/wp-json\/wp\/v2\/pages\/4599\/revisions"}],"predecessor-version":[{"id":4620,"href":"https:\/\/www.comie.org.mx\/congreso\/2021\/sitio\/cms\/wp-json\/wp\/v2\/pages\/4599\/revisions\/4620"}],"wp:attachment":[{"href":"https:\/\/www.comie.org.mx\/congreso\/2021\/sitio\/cms\/wp-json\/wp\/v2\/media?parent=4599"}],"curies":[{"name":"wp","href":"https:\/\/api.w.org\/{rel}","templated":true}]}}