{"id":1043,"date":"2024-07-23T18:03:39","date_gmt":"2024-07-23T18:03:39","guid":{"rendered":"https:\/\/organicthemes.com\/demo\/natural-block\/?page_id=1043"},"modified":"2026-02-10T19:02:54","modified_gmt":"2026-02-10T19:02:54","slug":"c_consultivo","status":"publish","type":"page","link":"https:\/\/www.comie.org.mx\/v6\/c_consultivo\/","title":{"rendered":"COMIT\u00c9 CONSULTIVO"},"content":{"rendered":"\n<div class=\"wp-block-columns is-layout-flex wp-container-core-columns-is-layout-1 wp-block-columns-is-layout-flex\">\n<div class=\"wp-block-column is-layout-flow wp-block-column-is-layout-flow\">\n<figure class=\"wp-block-image aligncenter size-full is-resized\"><img loading=\"lazy\" decoding=\"async\" width=\"200\" height=\"300\" src=\"https:\/\/www.comie.org.mx\/v6\/wp-content\/uploads\/2024\/08\/LMCN.png\" alt=\"\" class=\"wp-image-2159\" style=\"width:305px;height:auto\"\/><\/figure>\n\n\n\n<p class=\"has-text-align-center has-accent-primary-color has-text-color has-link-color has-medium-font-size wp-elements-66dc0a833abaee335daa5fcb7f7a05eb\" style=\"margin-top:var(--wp--preset--spacing--20);margin-bottom:var(--wp--preset--spacing--20);padding-top:0;padding-bottom:0\"><strong>Lourdes Chehaibar N\u00e1der<\/strong><\/p>\n\n\n\n<p class=\"has-text-align-center\" style=\"margin-top:0;margin-bottom:0;padding-top:0;padding-right:0;padding-bottom:0;padding-left:0\"><em>Instituto de Investigaciones sobre la Universidad y la Educaci\u00f3n, UNAM<\/em><\/p>\n\n\n\n<p class=\"has-text-align-center has-accent-secondary-color has-text-color has-link-color has-small-font-size wp-elements-0f1c89f984c5d8389d3cefe6bb1d3809\" style=\"margin-top:0;margin-bottom:0;padding-top:0;padding-bottom:0\"><em>Correo electr\u00f3nico: <\/em>lmcn@unam.mx<\/p>\n<\/div>\n\n\n\n<div class=\"wp-block-column is-layout-flow wp-block-column-is-layout-flow\">\n<figure class=\"wp-block-image size-full is-resized\"><img loading=\"lazy\" decoding=\"async\" width=\"200\" height=\"300\" src=\"https:\/\/www.comie.org.mx\/v6\/wp-content\/uploads\/2024\/08\/GCA.png\" alt=\"\" class=\"wp-image-2161\" style=\"width:306px;height:auto\"\/><\/figure>\n\n\n\n<p class=\"has-text-align-center has-accent-primary-color has-text-color has-link-color has-medium-font-size wp-elements-f8a2a1cd1e784f1ec59ba48d78e15daf\" style=\"margin-top:var(--wp--preset--spacing--20);margin-bottom:var(--wp--preset--spacing--20);padding-top:0;padding-bottom:0\"><strong>Graciela Cordero Arroyo<\/strong><\/p>\n\n\n\n<p class=\"has-text-align-center\" style=\"margin-top:0;margin-bottom:0;padding-top:0;padding-right:0;padding-bottom:0;padding-left:0\"><em><em>Instituto de Investigaci\u00f3n y Desarrollo Educativo, UABC<\/em><\/em><\/p>\n\n\n\n<p class=\"has-text-align-center has-accent-secondary-color has-text-color has-link-color has-small-font-size wp-elements-6ee3f28facd84d9ade42a5d0a4664894\" style=\"margin-top:0;margin-bottom:0;padding-top:0;padding-bottom:0\"><em>Correo electr\u00f3nico: <\/em>gcordero@uabc.edu.mx<\/p>\n<\/div>\n<\/div>\n\n\n\n<div class=\"wp-block-columns is-layout-flex wp-container-core-columns-is-layout-2 wp-block-columns-is-layout-flex\">\n<div class=\"wp-block-column is-layout-flow wp-block-column-is-layout-flow\">\n<figure class=\"wp-block-image size-full is-resized\"><img loading=\"lazy\" decoding=\"async\" width=\"225\" height=\"300\" src=\"https:\/\/www.comie.org.mx\/v6\/wp-content\/uploads\/2026\/02\/AEEF.png\" alt=\"\" class=\"wp-image-2581\" style=\"width:344px;height:auto\"\/><\/figure>\n\n\n\n<p class=\"has-text-align-center has-accent-primary-color has-text-color has-link-color has-medium-font-size wp-elements-752f955e063d9548b8af9a47e230e4cf\" style=\"margin-top:var(--wp--preset--spacing--20);margin-bottom:var(--wp--preset--spacing--20);padding-top:0;padding-bottom:0\"><strong>Ana Esther Escalante Ferrer<\/strong><\/p>\n\n\n\n<p class=\"has-text-align-center\" style=\"margin-top:0;margin-bottom:0;padding-top:0;padding-bottom:0\"><em>Universidad Aut\u00f3noma del Estado de Morelos<\/em><\/p>\n\n\n\n<p class=\"has-text-align-center has-accent-secondary-color has-text-color has-link-color has-small-font-size wp-elements-def045b31adf4612583cad9d9617574e\" style=\"margin-top:0;margin-bottom:0;padding-top:0;padding-bottom:0\"><em>Correo electr\u00f3nico:<\/em> ana.escalante@uaem.mx<\/p>\n<\/div>\n\n\n\n<div class=\"wp-block-column is-layout-flow wp-block-column-is-layout-flow\">\n<figure class=\"wp-block-image size-full is-resized\"><img loading=\"lazy\" decoding=\"async\" width=\"225\" height=\"300\" src=\"https:\/\/www.comie.org.mx\/v6\/wp-content\/uploads\/2026\/02\/METF.png\" alt=\"\" class=\"wp-image-2575\" style=\"width:342px;height:auto\"\/><\/figure>\n\n\n\n<p class=\"has-text-align-center has-accent-primary-color has-text-color has-link-color has-medium-font-size wp-elements-1d4b543c3520e464267d0dffc849a34b\" style=\"margin-top:var(--wp--preset--spacing--20);margin-bottom:var(--wp--preset--spacing--20);padding-top:0;padding-bottom:0\"><strong>Mar\u00eda Eugenia Flores Trevi\u00f1o<\/strong><\/p>\n\n\n\n<p class=\"has-text-align-center\" style=\"margin-top:0;margin-bottom:0;padding-top:0;padding-right:0;padding-bottom:0;padding-left:0\"><em><em><em>Facultad de Filosof\u00eda y Letras, UANL<\/em><\/em><\/em><\/p>\n\n\n\n<p class=\"has-text-align-center has-accent-secondary-color has-text-color has-link-color has-small-font-size wp-elements-13117effa78d500293ba204798320558\" style=\"margin-top:0;margin-bottom:0;padding-top:0;padding-bottom:0\"><em>Correo electr\u00f3nico:<\/em> <em>maria.florestr@uanl.edu.mx<\/em><\/p>\n<\/div>\n<\/div>\n\n\n\n<div class=\"wp-block-columns is-layout-flex wp-container-core-columns-is-layout-3 wp-block-columns-is-layout-flex\">\n<div class=\"wp-block-column is-layout-flow wp-block-column-is-layout-flow\">\n<figure class=\"wp-block-image size-full is-resized\"><img loading=\"lazy\" decoding=\"async\" width=\"225\" height=\"300\" src=\"https:\/\/www.comie.org.mx\/v6\/wp-content\/uploads\/2026\/02\/MAGL.png\" alt=\"\" class=\"wp-image-2576\" style=\"width:344px;height:auto\"\/><\/figure>\n\n\n\n<p class=\"has-text-align-center has-accent-primary-color has-text-color has-link-color has-medium-font-size wp-elements-906b629b19d2785ae4934408b078c52e\" style=\"margin-top:var(--wp--preset--spacing--20);margin-bottom:var(--wp--preset--spacing--20);padding-top:0;padding-bottom:0\"><strong>Miguel A. Gonz\u00e1lez Ledesma<\/strong><\/p>\n\n\n\n<p class=\"has-text-align-center\" style=\"margin-top:0;margin-bottom:0;padding-top:0;padding-bottom:0\"><em><em><em>Instituto de Investigaciones sobre la Universidad y la Educaci\u00f3n, UNAM<\/em><\/em><\/em><\/p>\n\n\n\n<p class=\"has-text-align-center has-accent-secondary-color has-text-color has-link-color has-small-font-size wp-elements-fb6cf213c4c07d3567560aa15f7225c3\" style=\"margin-top:0;margin-bottom:0;padding-top:0;padding-right:0;padding-bottom:0;padding-left:0\"><em>Correo electr\u00f3nico:<\/em> <em>gledesmale@gmail.com<\/em><\/p>\n<\/div>\n\n\n\n<div class=\"wp-block-column is-layout-flow wp-block-column-is-layout-flow\">\n<figure class=\"wp-block-image size-full is-resized\"><img loading=\"lazy\" decoding=\"async\" width=\"225\" height=\"300\" src=\"https:\/\/www.comie.org.mx\/v6\/wp-content\/uploads\/2026\/02\/MLR.png\" alt=\"\" class=\"wp-image-2577\" style=\"width:343px;height:auto\"\/><\/figure>\n\n\n\n<p class=\"has-text-align-center has-accent-primary-color has-text-color has-link-color has-medium-font-size wp-elements-23b7d7ac9cc093e7bdb55c13108c8d5d\" style=\"margin-top:var(--wp--preset--spacing--20);margin-bottom:var(--wp--preset--spacing--20);padding-top:0;padding-bottom:0\"><strong>Martha L\u00f3pez Ruiz<\/strong><\/p>\n\n\n\n<p class=\"has-text-align-center\" style=\"margin-top:0;margin-bottom:0;padding-top:0;padding-right:0;padding-bottom:0;padding-left:0\"><em>Investigadora independiente<\/em><\/p>\n\n\n\n<p class=\"has-text-align-center has-accent-secondary-color has-text-color has-link-color has-small-font-size wp-elements-cfdd38ff61359700d88497bd2842d1d6\" style=\"margin-top:0;margin-bottom:0;padding-top:0;padding-bottom:0\"><em>Correo electr\u00f3nico: <\/em>maloru_02@hotmail.com<\/p>\n<\/div>\n<\/div>\n\n\n\n<div class=\"wp-block-columns is-layout-flex wp-container-core-columns-is-layout-4 wp-block-columns-is-layout-flex\">\n<div class=\"wp-block-column is-layout-flow wp-block-column-is-layout-flow\">\n<figure class=\"wp-block-image size-full is-resized\"><img loading=\"lazy\" decoding=\"async\" width=\"225\" height=\"300\" src=\"https:\/\/www.comie.org.mx\/v6\/wp-content\/uploads\/2026\/02\/JMLC.png\" alt=\"\" class=\"wp-image-2578\" style=\"width:344px;height:auto\"\/><\/figure>\n\n\n\n<p class=\"has-text-align-center has-accent-primary-color has-text-color has-link-color has-medium-font-size wp-elements-6f49c34c43bf8134fd3d9629d4f6b1cb\" style=\"margin-top:var(--wp--preset--spacing--20);margin-bottom:var(--wp--preset--spacing--20);padding-top:0;padding-bottom:0\"><strong>Juan Mart\u00edn L\u00f3pez Calva<\/strong><\/p>\n\n\n\n<p class=\"has-text-align-center\" style=\"margin-top:0;margin-bottom:0;padding-top:0;padding-bottom:0\"><em><em>Universidad Popular Aut\u00f3noma del Estado de Puebla<\/em><\/em><\/p>\n\n\n\n<p class=\"has-text-align-center has-accent-secondary-color has-text-color has-link-color has-small-font-size wp-elements-b1382ac2476d110ce73060b5f149518a\" style=\"margin-top:0;margin-bottom:0;padding-top:0;padding-bottom:0\"><em>Correo electr\u00f3nico:<\/em> juanmartin.lopez@upaep.mx<\/p>\n<\/div>\n\n\n\n<div class=\"wp-block-column is-layout-flow wp-block-column-is-layout-flow\">\n<figure class=\"wp-block-image size-full is-resized\"><img loading=\"lazy\" decoding=\"async\" width=\"225\" height=\"300\" src=\"https:\/\/www.comie.org.mx\/v6\/wp-content\/uploads\/2026\/02\/GRC.png\" alt=\"\" class=\"wp-image-2579\" style=\"width:343px;height:auto\"\/><\/figure>\n\n\n\n<p class=\"has-text-align-center has-accent-primary-color has-text-color has-link-color has-medium-font-size wp-elements-0252fc648d32122a8a602da5daf080fb\" style=\"margin-top:var(--wp--preset--spacing--20);margin-bottom:var(--wp--preset--spacing--20);padding-top:0;padding-bottom:0\"><strong><strong>Guadalupe Ruiz Cu\u00e9llar<\/strong><\/strong><\/p>\n\n\n\n<p class=\"has-text-align-center\" style=\"margin-top:0;margin-bottom:0;padding-top:0;padding-right:0;padding-bottom:0;padding-left:0\"><em><em>Universidad Aut\u00f3noma de Aguascalientes<\/em><\/em><\/p>\n\n\n\n<p class=\"has-text-align-center has-accent-secondary-color has-text-color has-link-color has-small-font-size wp-elements-b9a790ff21427bad86235dab91818fe2\" style=\"margin-top:0;margin-bottom:0;padding-top:0;padding-bottom:0\"><em>Correo electr\u00f3nico: <\/em>guadalupe.ruiz.cuellar@gmail.com<\/p>\n<\/div>\n<\/div>\n\n\n\n<div class=\"wp-block-columns is-layout-flex wp-container-core-columns-is-layout-5 wp-block-columns-is-layout-flex\">\n<div class=\"wp-block-column is-layout-flow wp-block-column-is-layout-flow\">\n<figure class=\"wp-block-image size-full is-resized\"><img loading=\"lazy\" decoding=\"async\" width=\"225\" height=\"300\" src=\"https:\/\/www.comie.org.mx\/v6\/wp-content\/uploads\/2026\/02\/MVF.png\" alt=\"\" class=\"wp-image-2580\" style=\"width:343px;height:auto\"\/><\/figure>\n\n\n\n<p class=\"has-text-align-left has-accent-primary-color has-text-color has-link-color has-medium-font-size wp-elements-dca5af2487a1c41a51698f38f1a74766\" style=\"margin-top:var(--wp--preset--spacing--20);margin-bottom:var(--wp--preset--spacing--20);padding-top:0;padding-bottom:0\"><strong>Martha Vergara Fregoso<\/strong><\/p>\n\n\n\n<p class=\"has-text-align-left\" style=\"margin-top:0;margin-bottom:0;padding-top:0;padding-right:0;padding-bottom:0;padding-left:0\"><em>Universidad de Guadalajara<\/em><\/p>\n\n\n\n<p class=\"has-text-align-left has-accent-secondary-color has-text-color has-link-color has-small-font-size wp-elements-3af95815ca8db845e08677a1071914c0\" style=\"margin-top:0;margin-bottom:0;padding-top:0;padding-bottom:0\"><em>Correo electr\u00f3nico: <\/em>mavederu@yahoo.com.mx<\/p>\n<\/div>\n<\/div>\n\n\n\n<p><\/p>\n","protected":false},"excerpt":{"rendered":"<p>Lourdes Chehaibar N\u00e1der Instituto de Investigaciones sobre la Universidad y la Educaci\u00f3n, UNAM Correo electr\u00f3nico: lmcn@unam.mx Graciela Cordero Arroyo Instituto de Investigaci\u00f3n y Desarrollo Educativo, UABC Correo electr\u00f3nico: gcordero@uabc.edu.mx Ana Esther Escalante Ferrer Universidad Aut\u00f3noma del Estado de Morelos Correo electr\u00f3nico: ana.escalante@uaem.mx Mar\u00eda Eugenia Flores Trevi\u00f1o Facultad de Filosof\u00eda y Letras, UANL Correo electr\u00f3nico: maria.florestr@uanl.edu.mx [&hellip;]<\/p>\n","protected":false},"author":1,"featured_media":0,"parent":0,"menu_order":0,"comment_status":"closed","ping_status":"closed","template":"","meta":{"footnotes":""},"class_list":["post-1043","page","type-page","status-publish","hentry"],"jetpack_sharing_enabled":true,"_links":{"self":[{"href":"https:\/\/www.comie.org.mx\/v6\/wp-json\/wp\/v2\/pages\/1043"}],"collection":[{"href":"https:\/\/www.comie.org.mx\/v6\/wp-json\/wp\/v2\/pages"}],"about":[{"href":"https:\/\/www.comie.org.mx\/v6\/wp-json\/wp\/v2\/types\/page"}],"author":[{"embeddable":true,"href":"https:\/\/www.comie.org.mx\/v6\/wp-json\/wp\/v2\/users\/1"}],"replies":[{"embeddable":true,"href":"https:\/\/www.comie.org.mx\/v6\/wp-json\/wp\/v2\/comments?post=1043"}],"version-history":[{"count":8,"href":"https:\/\/www.comie.org.mx\/v6\/wp-json\/wp\/v2\/pages\/1043\/revisions"}],"predecessor-version":[{"id":2582,"href":"https:\/\/www.comie.org.mx\/v6\/wp-json\/wp\/v2\/pages\/1043\/revisions\/2582"}],"wp:attachment":[{"href":"https:\/\/www.comie.org.mx\/v6\/wp-json\/wp\/v2\/media?parent=1043"}],"curies":[{"name":"wp","href":"https:\/\/api.w.org\/{rel}","templated":true}]}}