{"id":2,"date":"2024-07-18T15:09:10","date_gmt":"2024-07-18T15:09:10","guid":{"rendered":"https:\/\/www.comie.org.mx\/v6\/?page_id=2"},"modified":"2024-10-03T16:14:54","modified_gmt":"2024-10-03T16:14:54","slug":"sprincipales-actividades","status":"publish","type":"page","link":"https:\/\/www.comie.org.mx\/v6\/sprincipales-actividades\/","title":{"rendered":"PRINCIPALES ACTIVIDADES"},"content":{"rendered":"\n<figure class=\"wp-block-image aligncenter size-large is-resized\"><img loading=\"lazy\" decoding=\"async\" width=\"1024\" height=\"576\" src=\"https:\/\/www.comie.org.mx\/v6\/wp-content\/uploads\/2024\/07\/P_ACTIVIDADES-1024x576.png\" alt=\"\" class=\"wp-image-2003\" style=\"width:726px;height:auto\" srcset=\"https:\/\/www.comie.org.mx\/v6\/wp-content\/uploads\/2024\/07\/P_ACTIVIDADES-1024x576.png 1024w, https:\/\/www.comie.org.mx\/v6\/wp-content\/uploads\/2024\/07\/P_ACTIVIDADES-300x169.png 300w, https:\/\/www.comie.org.mx\/v6\/wp-content\/uploads\/2024\/07\/P_ACTIVIDADES-768x432.png 768w, https:\/\/www.comie.org.mx\/v6\/wp-content\/uploads\/2024\/07\/P_ACTIVIDADES-1536x864.png 1536w, https:\/\/www.comie.org.mx\/v6\/wp-content\/uploads\/2024\/07\/P_ACTIVIDADES.png 1920w\" sizes=\"(max-width: 1024px) 100vw, 1024px\" \/><\/figure>\n\n\n\n<div class=\"wp-block-columns is-layout-flex wp-container-core-columns-is-layout-1 wp-block-columns-is-layout-flex\">\n<div class=\"wp-block-column is-layout-flow wp-block-column-is-layout-flow\" style=\"flex-basis:33.33%\">\n<h5 class=\"wp-block-heading has-accent-primary-color has-text-color has-link-color wp-elements-05c63c9fe2cf6cf9cdf3cd491701ac7e\"><strong>CONGRESO NACIONAL DE INVESTIGACI\u00d3N EDUCATIVA (CNIE)<\/strong><\/h5>\n<\/div>\n\n\n\n<div class=\"wp-block-column is-layout-flow wp-block-column-is-layout-flow\" style=\"flex-basis:66.66%\">\n<p class=\"has-dark-gray-color has-text-color has-link-color wp-elements-8a97b25f46343761b7e4fc57f1c9d941\">Realizado cada dos a\u00f1os desde 1993, el <strong>Congreso Nacional de Investigaci\u00f3n Educativa (CNIE) <\/strong>se ha convertido en el principal evento sobre investigaci\u00f3n educativa en M\u00e9xico, convocando a destacados especialistas en el \u00e1rea, tanto nacionales como de la regi\u00f3n latinoamericana y de otras partes del mundo. El CNIE es un importante espacio de di\u00e1logo entre acad\u00e9micos, investigadores, funcionarios, maestros del sistema educativo nacional, normalistas, estudiantes de licenciaturas y posgrados en educaci\u00f3n, y p\u00fablico en general.<\/p>\n\n\n\n<div class=\"wp-block-buttons is-layout-flex wp-block-buttons-is-layout-flex\">\n<div class=\"wp-block-button\"><a class=\"wp-block-button__link has-accent-primary-background-color has-background wp-element-button\" href=\"https:\/\/www.comie.org.mx\/v6\/memoria-e_cnie\/\">CONSULTE las memorias electr\u00f3nicas AQU\u00cd<\/a><\/div>\n<\/div>\n<\/div>\n<\/div>\n\n\n\n<div class=\"wp-block-columns is-layout-flex wp-container-core-columns-is-layout-2 wp-block-columns-is-layout-flex\">\n<div class=\"wp-block-column is-layout-flow wp-block-column-is-layout-flow\" style=\"flex-basis:33.33%\">\n<h5 class=\"wp-block-heading has-accent-primary-color has-text-color has-link-color wp-elements-9576f50ce37466794c54bbe8cc6282d9\"><strong><br>REVISI\u00d3N Y DIFUSI\u00d3N DE LOS ESTADOS DEL CONOCIMIENTO<\/strong><\/h5>\n<\/div>\n\n\n\n<div class=\"wp-block-column is-layout-flow wp-block-column-is-layout-flow\" style=\"flex-basis:66.66%\">\n<p class=\"has-dark-gray-color has-text-color has-link-color wp-elements-5b8cff3630f1f9dda43c321c390e2ee9\">El prop\u00f3sito de los&nbsp;<strong>Estados del Conocimiento<\/strong>&nbsp;es fortalecer el desarrollo de la investigaci\u00f3n educativa en el pa\u00eds, as\u00ed como favorecer el di\u00e1logo entre investigadores, tomadores de decisi\u00f3n, acad\u00e9micos, maestros y estudiantes, y convocar a los especialistas a conjugar sus esfuerzos con el fin de superar las deficiencias identificadas. Tambi\u00e9n, se espera que este esfuerzo colectivo estimule a las y los j\u00f3venes para incorporarse a las actividades de investigaci\u00f3n que contribuyan a mejorar el conocimiento de los temas cruciales de la educaci\u00f3n.<\/p>\n\n\n\n<div class=\"wp-block-buttons is-layout-flex wp-block-buttons-is-layout-flex\">\n<div class=\"wp-block-button\"><a class=\"wp-block-button__link has-accent-primary-background-color has-background wp-element-button\" href=\"https:\/\/www.comie.org.mx\/v6\/estados-conocimiento\/\" target=\"_blank\" rel=\"noreferrer noopener\">COLECCI\u00d3N DE ESTADOS DEL CONOCIMIENTO<\/a><\/div>\n<\/div>\n<\/div>\n<\/div>\n\n\n\n<div class=\"wp-block-columns is-layout-flex wp-container-core-columns-is-layout-3 wp-block-columns-is-layout-flex\">\n<div class=\"wp-block-column is-layout-flow wp-block-column-is-layout-flow\" style=\"flex-basis:33.33%\">\n<h5 class=\"wp-block-heading has-accent-primary-color has-text-color has-link-color wp-elements-85b0a3b6dafff5172d515b6785120610\"><strong><br>ACTIVIDADES DE FORMACI\u00d3N<\/strong><\/h5>\n<\/div>\n\n\n\n<div class=\"wp-block-column is-layout-flow wp-block-column-is-layout-flow\" style=\"flex-basis:66.66%\">\n<p class=\"has-dark-gray-color has-text-color has-link-color wp-elements-cfd23743409212c9148533366984c64b\">Uno de los principales objetivos del COMIE es promover la&nbsp;<strong>formaci\u00f3n de nuevos investigadores educativos de alto nivel&nbsp;<\/strong>y generar investigaci\u00f3n educativa dentro de los est\u00e1ndares cient\u00edficos de calidad. Entre las acciones desarrolladas por el COMIE para alcanzar este objetivo, se encuentran:<br>La&nbsp;<strong>formaci\u00f3n y actualizaci\u00f3n<\/strong>&nbsp;de estudiantes e investigadores, mediante diversas actividades  (seminarios, cursos, diplomados y talleres.)&nbsp;<strong>Instrumentar acciones<\/strong>&nbsp;que reconozcan p\u00fablicamente el trabajo realizado por las y los asociados del Consejo. Promover la&nbsp;<strong>vinculaci\u00f3n del Consejo con actores del campo educativo<\/strong>&nbsp;a trav\u00e9s de actividades de formaci\u00f3n. Promover el&nbsp;<strong>ingreso de investigadoras e  investigadores al Consejo<\/strong>, a fin de fortalecer su presencia a nivel nacional e internacional.<\/p>\n\n\n\n<div class=\"wp-block-buttons is-layout-flex wp-block-buttons-is-layout-flex\">\n<div class=\"wp-block-button\"><a class=\"wp-block-button__link has-accent-primary-background-color has-background wp-element-button\" href=\"https:\/\/formacion.comie.org.mx\/\">m\u00e1s informaci\u00f3n&#8230;<\/a><\/div>\n<\/div>\n<\/div>\n<\/div>\n\n\n\n<div class=\"wp-block-columns is-layout-flex wp-container-core-columns-is-layout-4 wp-block-columns-is-layout-flex\">\n<div class=\"wp-block-column is-layout-flow wp-block-column-is-layout-flow\" style=\"flex-basis:33.33%\">\n<h5 class=\"wp-block-heading has-accent-primary-color has-text-color has-link-color wp-elements-14f342e0442f3bbee07772d72d3cff14\"><strong><br>FOMENTO A LA GENERACI\u00d3N DE REDES ESPECIALIZADAS<\/strong><\/h5>\n<\/div>\n\n\n\n<div class=\"wp-block-column is-layout-flow wp-block-column-is-layout-flow\" style=\"flex-basis:66.66%\">\n<p class=\"has-dark-gray-color has-text-color has-link-color wp-elements-55a6766a861cef049aeff2114f1accc1\">La estructura y din\u00e1mica de redes permite&nbsp;<strong>atender problemas educativos desde una perspectiva multidimensional e interdisciplinaria.<\/strong>&nbsp;A trav\u00e9s de las redes se propician relaciones con otros organismos y con asociaciones cient\u00edficas nacionales e internacionales, fungiendo como espacios de&nbsp;<strong>colaboraci\u00f3n entre investigadoras e investigadores<\/strong>&nbsp;a fin de atender los temas prioritarios en el \u00e1mbito educativo.<br>El COMIE ha impulsado la generaci\u00f3n de&nbsp;<strong>redes<\/strong>&nbsp;de investigaci\u00f3n&nbsp;<strong>especializadas en el \u00e1mbito de la investigaci\u00f3n educativa.<\/strong><\/p>\n\n\n\n<div class=\"wp-block-buttons is-layout-flex wp-block-buttons-is-layout-flex\">\n<div class=\"wp-block-button\"><a class=\"wp-block-button__link has-accent-primary-background-color has-background wp-element-button\" href=\"https:\/\/www.comie.org.mx\/v6\/redes-especializadas\/\">CONSULTAR REDES ESPECIALIZADAS<\/a><\/div>\n<\/div>\n<\/div>\n<\/div>\n\n\n\n<div class=\"wp-block-columns is-layout-flex wp-container-core-columns-is-layout-5 wp-block-columns-is-layout-flex\">\n<div class=\"wp-block-column is-layout-flow wp-block-column-is-layout-flow\" style=\"flex-basis:33.33%\">\n<h5 class=\"wp-block-heading has-accent-primary-color has-text-color has-link-color wp-elements-94e40dcb9278b2ce79cbc84f5f38b96d\"><strong><br>PUBLICACI\u00d3N DE LA REVISTA MEXICANA DE INVESTIGACI\u00d3N EDUCATIVA<\/strong> (RMIE)<\/h5>\n<\/div>\n\n\n\n<div class=\"wp-block-column is-layout-flow wp-block-column-is-layout-flow\" style=\"flex-basis:66.66%\">\n<p class=\"has-dark-gray-color has-text-color has-link-color wp-elements-bb7fb9050177e0af2b32c080b7d737b4\">La&nbsp;<strong>RMIE<\/strong>&nbsp;es una publicaci\u00f3n cient\u00edfica trimestral que publica resultados de investigaci\u00f3n dentro del \u00e1rea de educaci\u00f3n desde diferentes perspectivas te\u00f3ricas, metodol\u00f3gicas, t\u00e9cnicas y emp\u00edricas con un alcance nacional e internacional. Su objetivo principal es ser un espacio de comunicaci\u00f3n y di\u00e1logo entre investigadores, estudiantes de grado y posgrado, as\u00ed como de profesionales del \u00e1rea educativa.<\/p>\n\n\n\n<div class=\"wp-block-buttons is-layout-flex wp-block-buttons-is-layout-flex\">\n<div class=\"wp-block-button\"><a class=\"wp-block-button__link has-accent-primary-background-color has-background wp-element-button\" href=\"http:\/\/www.rmie.mx\" target=\"_blank\" rel=\"noreferrer noopener\">CONSULTE LA RMIE AQU\u00cd<\/a><\/div>\n<\/div>\n<\/div>\n<\/div>\n\n\n\n<p><\/p>\n","protected":false},"excerpt":{"rendered":"<p>CONGRESO NACIONAL DE INVESTIGACI\u00d3N EDUCATIVA (CNIE) Realizado cada dos a\u00f1os desde 1993, el Congreso Nacional de Investigaci\u00f3n Educativa (CNIE) se ha convertido en el principal evento sobre investigaci\u00f3n educativa en M\u00e9xico, convocando a destacados especialistas en el \u00e1rea, tanto nacionales como de la regi\u00f3n latinoamericana y de otras partes del mundo. El CNIE es un [&hellip;]<\/p>\n","protected":false},"author":1,"featured_media":2003,"parent":0,"menu_order":0,"comment_status":"closed","ping_status":"open","template":"","meta":{"footnotes":""},"class_list":["post-2","page","type-page","status-publish","has-post-thumbnail","hentry"],"jetpack_sharing_enabled":true,"_links":{"self":[{"href":"https:\/\/www.comie.org.mx\/v6\/wp-json\/wp\/v2\/pages\/2"}],"collection":[{"href":"https:\/\/www.comie.org.mx\/v6\/wp-json\/wp\/v2\/pages"}],"about":[{"href":"https:\/\/www.comie.org.mx\/v6\/wp-json\/wp\/v2\/types\/page"}],"author":[{"embeddable":true,"href":"https:\/\/www.comie.org.mx\/v6\/wp-json\/wp\/v2\/users\/1"}],"replies":[{"embeddable":true,"href":"https:\/\/www.comie.org.mx\/v6\/wp-json\/wp\/v2\/comments?post=2"}],"version-history":[{"count":8,"href":"https:\/\/www.comie.org.mx\/v6\/wp-json\/wp\/v2\/pages\/2\/revisions"}],"predecessor-version":[{"id":2317,"href":"https:\/\/www.comie.org.mx\/v6\/wp-json\/wp\/v2\/pages\/2\/revisions\/2317"}],"wp:featuredmedia":[{"embeddable":true,"href":"https:\/\/www.comie.org.mx\/v6\/wp-json\/wp\/v2\/media\/2003"}],"wp:attachment":[{"href":"https:\/\/www.comie.org.mx\/v6\/wp-json\/wp\/v2\/media?parent=2"}],"curies":[{"name":"wp","href":"https:\/\/api.w.org\/{rel}","templated":true}]}}