{"id":221,"date":"2024-07-18T05:24:06","date_gmt":"2024-07-18T05:24:06","guid":{"rendered":"http:\/\/organicthemes.com\/demo\/natural\/?page_id=221"},"modified":"2026-02-10T16:40:37","modified_gmt":"2026-02-10T16:40:37","slug":"c_directivo","status":"publish","type":"page","link":"https:\/\/www.comie.org.mx\/v6\/c_directivo\/","title":{"rendered":"COMIT\u00c9 DIRECTIVO"},"content":{"rendered":"\n<h2 class=\"wp-block-heading\"><strong>COMIT\u00c9 DIRECTIVO 2026-2027<\/strong><\/h2>\n\n\n\n<div class=\"wp-block-columns is-layout-flex wp-container-core-columns-is-layout-1 wp-block-columns-is-layout-flex\">\n<div class=\"wp-block-column is-layout-flow wp-block-column-is-layout-flow\"><\/div>\n\n\n\n<div class=\"wp-block-column is-layout-flow wp-block-column-is-layout-flow\"><\/div>\n<\/div>\n\n\n\n<p><\/p>\n\n\n\n<div class=\"wp-block-columns alignwide is-layout-flex wp-container-core-columns-is-layout-2 wp-block-columns-is-layout-flex\">\n<div class=\"wp-block-column is-layout-flow wp-block-column-is-layout-flow\" style=\"flex-basis:100%\">\n<div class=\"wp-block-group alignwide is-layout-flow wp-block-group-is-layout-flow\">\n<div class=\"wp-block-column is-layout-flow wp-block-column-is-layout-flow\" style=\"flex-basis:100%\"><\/div>\n\n\n\n<link href=\"https:\/\/cdn.jsdelivr.net\/npm\/bootstrap@5.3.3\/dist\/css\/bootstrap.min.css\" rel=\"stylesheet\" integrity=\"sha384-QWTKZyjpPEjISv5WaRU9OFeRpok6YctnYmDr5pNlyT2bRjXh0JMhjY6hW+ALEwIH\" crossorigin=\"anonymous\">\n<script src=\"https:\/\/cdn.jsdelivr.net\/npm\/bootstrap@5.3.3\/dist\/js\/bootstrap.bundle.min.js\" integrity=\"sha384-YvpcrYf0tY3lHB60NNkmXc5s9fDVZLESaAA55NDzOxhy9GkcIdslK1eN7N6jIeHz\" crossorigin=\"anonymous\"><\/script>\n<style>\n    .image-container {\n        position: relative;\n        display: inline-block;\n    }\n    .overlay {\n        position: absolute;\n        top: 0;\n        left: 0;\n        width: 100%;\n        height: 100%;\n        \/* background-color: rgba(0, 0, 0, 0.5); *\/\n        opacity: 0;\n        transition: opacity 1.3s ease;\n\n        \/* transition: all .3s; *\/\n        \/* position: absolute; *\/\n        \/* top: 0;\n        bottom: 0;\n        left: 0;\n        right: 0; *\/\n        padding: 0;\n        background-color: rgba(16, 157, 133, 0.6);\n    }\n    .image-container:hover .overlay {\n        opacity: 1;\n    }\n    .caption {\n        text-align: center;\n        color: #ffff;\n        text-decoration: underline;\n    }\n<\/style>\n<table class=\"table-borderless bg-transparent\" width=\"100%\">\n    <tbody>\n        <tr>\n            <td width=\"25%\" class=\"align-middel text-center\">\n                <div class=\"image-container\">\n                    <a href=\"https:\/\/comie.org.mx\/multimedia\/textos\/01_PRESIDENCIA.pdf\" target=\"_blank\" rel=\"noopener\">\n                    <img decoding=\"async\" src=\"https:\/\/comie.org.mx\/multimedia\/imagenes\/alberto.ramirez.martinell.png\" width=\"246px\" height=\"325px\" id=\"c_0100\">\n                    <div class=\"overlay\">\n                        <br>\n                        <br>\n                        <br>\n                        <br>\n                        <p class=\"caption\">\n                            Dr. Alberto Ram\u00edrez Martinell\n                        <\/p>\n                    <\/div>\n                    <\/a>\n                <\/div>\n            <\/td>\n            <td width=\"25%\" class=\"align-middel text-center\" hidden>\n                <div class=\"image-container\">\n                    <a href=\"https:\/\/comie.org.mx\/multimedia\/textos\/DIRECTORIO_VICEPRESIDENCIA.pdf\" target=\"_blank\" rel=\"noopener\">\n                    <img decoding=\"async\" src=\"\" width=\"246px\" height=\"325px\" id=\"c_0100\">\n                    <div class=\"overlay\">\n                        <br>\n                        <br>\n                        <br>\n                        <br>\n                        <p class=\"caption\">\n                        <\/p>\n                    <\/div>\n                    <\/a>\n                <\/div>\n            <\/td>\n            <td width=\"25%\" class=\"align-middel text-center\">\n                <div class=\"image-container\">\n                    <a href=\"https:\/\/comie.org.mx\/multimedia\/textos\/02_SECRETARIAGENERAL.pdf\" target=\"_blank\" rel=\"noopener\">\n                    <img decoding=\"async\" src=\"https:\/\/comie.org.mx\/multimedia\/imagenes\/ana.laura.gallardo.gutierrez.png\" width=\"246px\" height=\"325px\" id=\"c_0100\">\n                    <div class=\"overlay\">\n                        <br>\n                        <br>\n                        <br>\n                        <br>\n                        <p class=\"caption\">\n                            Dra. Ana Laura Gallardo Guti\u00e9rrez\n                        <\/p>\n                    <\/div>\n                    <\/a>\n                <\/div>\n            <\/td>\n            <td width=\"25%\" class=\"align-middel text-center\">\n                <div class=\"image-container\">\n                    <a href=\"https:\/\/comie.org.mx\/multimedia\/textos\/03_TESORERO.pdf\" target=\"_blank\" rel=\"noopener\">\n                    <img decoding=\"async\" src=\"https:\/\/comie.org.mx\/multimedia\/imagenes\/leonardo.david.glasserman.morales.png\" width=\"246px\" height=\"325px\" id=\"c_0100\">\n                    <div class=\"overlay\">\n                        <br>\n                        <br>\n                        <br>\n                        <br>\n                        <p class=\"caption\">\n                            Dr. Leonardo Glasserman Morales\n                        <\/p>\n                    <\/div>\n                    <\/a>\n                <\/div>\n            <\/td>\n        <\/tr>\n        <tr>\n            <td width=\"25%\" class=\"align-middel text-center\">\n                <div class=\"image-container\">\n                    <a href=\"https:\/\/comie.org.mx\/multimedia\/textos\/04_DIFUSION.pdf\" target=\"_blank\" rel=\"noopener\">\n                    <img decoding=\"async\" src=\"https:\/\/comie.org.mx\/multimedia\/imagenes\/jesus.adolfo.trujillo.holguin.png\" width=\"246px\" height=\"325px\" id=\"c_0100\">\n                    <div class=\"overlay\">\n                        <br>\n                        <br>\n                        <br>\n                        <br>\n                        <p class=\"caption\">\n                            Dr. Jes\u00fas Adolfo Trujillo Holgu\u00edn\n                        <\/p>\n                    <\/div>\n                    <\/a>\n                <\/div>\n            <\/td>\n            <td width=\"25%\" class=\"align-middel text-center\">\n                <div class=\"image-container\">\n                    <a href=\"https:\/\/comie.org.mx\/multimedia\/textos\/05_COORD_AT.pdf\" target=\"_blank\" rel=\"noopener\">\n                    <img decoding=\"async\" src=\"https:\/\/comie.org.mx\/multimedia\/imagenes\/rodolfo.cruz.vadillo.png\" width=\"246px\" height=\"325px\" id=\"c_0100\">\n                    <div class=\"overlay\">\n                        <br>\n                        <br>\n                        <br>\n                        <br>\n                        <p class=\"caption\">\n                            Dr. Rodolfo Cruz Vadillo\n                        <\/p>\n                    <\/div>\n                    <\/a>\n                <\/div>\n            <\/td>\n            <td width=\"25%\" class=\"align-middel text-center\">\n                <div class=\"image-container\">\n                    <a href=\"https:\/\/comie.org.mx\/multimedia\/textos\/06_RINSTITUCIONALES.pdf\" target=\"_blank\" rel=\"noopener\">\n                    <img decoding=\"async\" src=\"https:\/\/comie.org.mx\/multimedia\/imagenes\/lizbeth.habib.mireles.png\" width=\"246px\" height=\"325px\" id=\"c_0100\">\n                    <div class=\"overlay\">\n                        <br>\n                        <br>\n                        <br>\n                        <br>\n                        <p class=\"caption\">\n                            Dra. Lizbeth Habib Mireles\n                        <\/p>\n                    <\/div>\n                    <\/a>\n                <\/div>\n            <\/td>\n            <td width=\"25%\" class=\"align-middel text-center\">\n                <div class=\"image-container\">\n                    <a href=\"https:\/\/comie.org.mx\/multimedia\/textos\/07_REGIONES.pdf\" target=\"_blank\" rel=\"noopener\">\n                    <img decoding=\"async\" src=\"https:\/\/comie.org.mx\/multimedia\/imagenes\/elvia.gardu\u00f1o.teliz.png\" width=\"246px\" height=\"325px\" id=\"c_0100\">\n                    <div class=\"overlay\">\n                        <br>\n                        <br>\n                        <br>\n                        <br>\n                        <p class=\"caption\">\n                            Dra. Elvia Gardu\u00f1o Teliz\n                        <\/p>\n                    <\/div>\n                    <\/a>\n                <\/div>\n            <\/td>\n        <\/tr>\n        <tr>\n            <td width=\"25%\" class=\"align-middel text-center\">\n                <div class=\"image-container\">\n                    <a href=\"https:\/\/comie.org.mx\/multimedia\/textos\/08_ FORMACION.pdf\" target=\"_blank\" rel=\"noopener\">\n                    <img decoding=\"async\" src=\"https:\/\/comie.org.mx\/multimedia\/imagenes\/patricia.ducoing.watty.png\" width=\"246px\" height=\"325px\" id=\"c_0100\">\n                    <div class=\"overlay\">\n                        <br>\n                        <br>\n                        <br>\n                        <br>\n                        <p class=\"caption\">\n                            Dra. Patricia Ducoing Watty\n                        <\/p>\n                    <\/div>\n                    <\/a>\n                <\/div>\n            <\/td>\n            <td width=\"25%\" class=\"align-middel text-center\">\n                <div class=\"image-container\">\n                    <a href=\"https:\/\/comie.org.mx\/multimedia\/textos\/09_ADMISION.pdf\" target=\"_blank\" rel=\"noopener\">\n                    <img decoding=\"async\" src=\"https:\/\/comie.org.mx\/multimedia\/imagenes\/david.perez.arenas.png\" width=\"246px\" height=\"325px\" id=\"c_0100\">\n                    <div class=\"overlay\">\n                        <br>\n                        <br>\n                        <br>\n                        <br>\n                        <p class=\"caption\">\n                            Dr. David P\u00e9rez Arenas\n                        <\/p>\n                    <\/div>\n                    <\/a>\n                <\/div>\n            <\/td>\n            <td width=\"25%\" class=\"align-middel text-center\">\n                <div class=\"image-container\">\n                    <a href=\"https:\/\/comie.org.mx\/multimedia\/textos\/10_DIRECCION.RMIE.pdf\" target=\"_blank\" rel=\"noopener\">\n                    <img decoding=\"async\" src=\"https:\/\/comie.org.mx\/multimedia\/imagenes\/sergio.gerardo.malaga.villegas.png\" width=\"246px\" height=\"325px\" id=\"c_0100\">\n                    <div class=\"overlay\">\n                        <br>\n                        <br>\n                        <br>\n                        <br>\n                        <p class=\"caption\">\n                            Dr. Gerardo Malaga Villegas\n                        <\/p>\n                    <\/div>\n                    <\/a>\n                <\/div>\n            <\/td>\n            <td width=\"25%\" class=\"align-middel text-center\"><\/td>\n        <\/tr>\n    <\/tbody>\n<\/table>\n<script src=\"https:\/\/cdn.jsdelivr.net\/npm\/@popperjs\/core@2.11.8\/dist\/umd\/popper.min.js\" integrity=\"sha384-I7E8VVD\/ismYTF4hNIPjVp\/Zjvgyol6VFvRkX\/vR+Vc4jQkC+hVqc2pM8ODewa9r\" crossorigin=\"anonymous\"><\/script>\n<script src=\"https:\/\/cdn.jsdelivr.net\/npm\/bootstrap@5.3.3\/dist\/js\/bootstrap.min.js\" integrity=\"sha384-0pUGZvbkm6XF6gxjEnlmuGrJXVbNuzT9qBBavbLwCsOGabYfZo0T0to5eqruptLy\" crossorigin=\"anonymous\"><\/script>\n<\/div>\n<\/div>\n<\/div>\n","protected":false},"excerpt":{"rendered":"<p>COMIT\u00c9 DIRECTIVO 2026-2027 Dr. Alberto Ram\u00edrez Martinell Dra. Ana Laura Gallardo Guti\u00e9rrez Dr. Leonardo Glasserman Morales Dr. Jes\u00fas Adolfo Trujillo Holgu\u00edn Dr. Rodolfo Cruz Vadillo Dra. Lizbeth Habib Mireles Dra. Elvia Gardu\u00f1o Teliz Dra. Patricia Ducoing Watty Dr. David P\u00e9rez Arenas Dr. Gerardo Malaga Villegas<\/p>\n","protected":false},"author":1,"featured_media":0,"parent":0,"menu_order":0,"comment_status":"open","ping_status":"closed","template":"template-blank","meta":{"footnotes":""},"class_list":["post-221","page","type-page","status-publish","hentry"],"jetpack_sharing_enabled":true,"_links":{"self":[{"href":"https:\/\/www.comie.org.mx\/v6\/wp-json\/wp\/v2\/pages\/221"}],"collection":[{"href":"https:\/\/www.comie.org.mx\/v6\/wp-json\/wp\/v2\/pages"}],"about":[{"href":"https:\/\/www.comie.org.mx\/v6\/wp-json\/wp\/v2\/types\/page"}],"author":[{"embeddable":true,"href":"https:\/\/www.comie.org.mx\/v6\/wp-json\/wp\/v2\/users\/1"}],"replies":[{"embeddable":true,"href":"https:\/\/www.comie.org.mx\/v6\/wp-json\/wp\/v2\/comments?post=221"}],"version-history":[{"count":10,"href":"https:\/\/www.comie.org.mx\/v6\/wp-json\/wp\/v2\/pages\/221\/revisions"}],"predecessor-version":[{"id":2573,"href":"https:\/\/www.comie.org.mx\/v6\/wp-json\/wp\/v2\/pages\/221\/revisions\/2573"}],"wp:attachment":[{"href":"https:\/\/www.comie.org.mx\/v6\/wp-json\/wp\/v2\/media?parent=221"}],"curies":[{"name":"wp","href":"https:\/\/api.w.org\/{rel}","templated":true}]}}