{"id":2297,"date":"2024-09-17T21:22:11","date_gmt":"2024-09-17T21:22:11","guid":{"rendered":"https:\/\/www.comie.org.mx\/v6\/?page_id=2297"},"modified":"2024-10-01T20:41:27","modified_gmt":"2024-10-01T20:41:27","slug":"alianzas-estrategicas","status":"publish","type":"page","link":"https:\/\/www.comie.org.mx\/v6\/alianzas-estrategicas\/","title":{"rendered":"ALIANZAS ESTRAT\u00c9GICAS"},"content":{"rendered":"\n<p>El COMIE ha establecido convenios de colaboraci\u00f3n y proyectos especiales con diversas instituciones acad\u00e9micas y gubernamentales con el fin de promover la investigaci\u00f3n educativa y su incidencia en la pol\u00edtica educativa.<\/p>\n\n\n\n<p>Los proyectos especiales m\u00e1s destacados en los \u00faltimos a\u00f1os son:<\/p>\n\n\n\n<ul class=\"wp-block-list\">\n<li>Asociaci\u00f3n Mexicana de Facultades y Escuelas de Medicina, A. C. (AMFEM)<\/li>\n\n\n\n<li>Red de Investigadores Educativos de Chihuahua (REDIECH)<\/li>\n\n\n\n<li>Red de Posgrados en Educaci\u00f3n, A. C.<\/li>\n\n\n\n<li>Sociedad Mexicana de Historia de la Educaci\u00f3n (SOMEHIDE)<\/li>\n\n\n\n<li>Universidad de Guadalajara<\/li>\n\n\n\n<li>Secretaria de Educaci\u00f3n del Estado de Jalisco (SEEJ)<\/li>\n<\/ul>\n\n\n\n<p>Asimismo, a lo largo de su historia el COMIE ha celebrado convenios marco de colaboraci\u00f3n, entre otras, con las siguientes instancias:<\/p>\n\n\n\n<ul class=\"wp-block-list\">\n<li>Centro Nacional de Evaluaci\u00f3n para la Educaci\u00f3n Superior (CENEVAL)<\/li>\n\n\n\n<li>Universidad Aut\u00f3noma Metropolitana (UAM)<\/li>\n\n\n\n<li>Universidad Pedag\u00f3gica Nacional (UPN)<\/li>\n\n\n\n<li>Universidad Iberoamericana, Ciudad de M\u00e9xico (UIA)<\/li>\n\n\n\n<li>Universidad Intercontinental (UIC)<\/li>\n\n\n\n<li>Comisi\u00f3n Nacional para la Mejora Continua de la Educaci\u00f3n (MEJOREDU)<\/li>\n\n\n\n<li>Secretar\u00eda de Educaci\u00f3n P\u00fablica (SEP)<\/li>\n<\/ul>\n\n\n\n<p>Si usted est\u00e1 interesado en  realizar alguna actividad en colaboraci\u00f3n con el COMIE escriba a la siguiente direcci\u00f3n electr\u00f3nica: comie@comie.org.mx<\/p>\n\n\n\n<p><\/p>\n","protected":false},"excerpt":{"rendered":"<p>El COMIE ha establecido convenios de colaboraci\u00f3n y proyectos especiales con diversas instituciones acad\u00e9micas y gubernamentales con el fin de promover la investigaci\u00f3n educativa y su incidencia en la pol\u00edtica educativa. Los proyectos especiales m\u00e1s destacados en los \u00faltimos a\u00f1os son: Asimismo, a lo largo de su historia el COMIE ha celebrado convenios marco de [&hellip;]<\/p>\n","protected":false},"author":1,"featured_media":0,"parent":0,"menu_order":0,"comment_status":"closed","ping_status":"closed","template":"","meta":{"footnotes":""},"class_list":["post-2297","page","type-page","status-publish","hentry"],"jetpack_sharing_enabled":true,"_links":{"self":[{"href":"https:\/\/www.comie.org.mx\/v6\/wp-json\/wp\/v2\/pages\/2297"}],"collection":[{"href":"https:\/\/www.comie.org.mx\/v6\/wp-json\/wp\/v2\/pages"}],"about":[{"href":"https:\/\/www.comie.org.mx\/v6\/wp-json\/wp\/v2\/types\/page"}],"author":[{"embeddable":true,"href":"https:\/\/www.comie.org.mx\/v6\/wp-json\/wp\/v2\/users\/1"}],"replies":[{"embeddable":true,"href":"https:\/\/www.comie.org.mx\/v6\/wp-json\/wp\/v2\/comments?post=2297"}],"version-history":[{"count":3,"href":"https:\/\/www.comie.org.mx\/v6\/wp-json\/wp\/v2\/pages\/2297\/revisions"}],"predecessor-version":[{"id":2310,"href":"https:\/\/www.comie.org.mx\/v6\/wp-json\/wp\/v2\/pages\/2297\/revisions\/2310"}],"wp:attachment":[{"href":"https:\/\/www.comie.org.mx\/v6\/wp-json\/wp\/v2\/media?parent=2297"}],"curies":[{"name":"wp","href":"https:\/\/api.w.org\/{rel}","templated":true}]}}