{"id":420,"date":"2024-07-17T01:43:28","date_gmt":"2024-07-17T01:43:28","guid":{"rendered":"http:\/\/organicthemes.com\/demo\/growth\/?page_id=420"},"modified":"2024-10-03T16:16:12","modified_gmt":"2024-10-03T16:16:12","slug":"st","status":"publish","type":"page","link":"https:\/\/www.comie.org.mx\/v6\/st\/","title":{"rendered":"SECRETAR\u00cdA T\u00c9CNICA"},"content":{"rendered":"\n<div class=\"wp-block-columns is-layout-flex wp-container-core-columns-is-layout-1 wp-block-columns-is-layout-flex\">\n<div class=\"wp-block-column is-layout-flow wp-block-column-is-layout-flow\">\n<figure class=\"wp-block-image size-full is-resized\"><img loading=\"lazy\" decoding=\"async\" width=\"591\" height=\"709\" src=\"https:\/\/www.comie.org.mx\/v6\/wp-content\/uploads\/2024\/07\/ALFREDO-MM-1.png\" alt=\"\" class=\"wp-image-2049\" style=\"width:317px;height:auto\" srcset=\"https:\/\/www.comie.org.mx\/v6\/wp-content\/uploads\/2024\/07\/ALFREDO-MM-1.png 591w, https:\/\/www.comie.org.mx\/v6\/wp-content\/uploads\/2024\/07\/ALFREDO-MM-1-250x300.png 250w\" sizes=\"(max-width: 591px) 100vw, 591px\" \/><\/figure>\n<\/div>\n\n\n\n<div class=\"wp-block-column is-layout-flow wp-block-column-is-layout-flow\">\n<figure class=\"wp-block-image size-full is-resized\"><img loading=\"lazy\" decoding=\"async\" width=\"591\" height=\"709\" src=\"https:\/\/www.comie.org.mx\/v6\/wp-content\/uploads\/2024\/07\/Nancy-HE-1.png\" alt=\"\" class=\"wp-image-2048\" style=\"width:318px;height:auto\" srcset=\"https:\/\/www.comie.org.mx\/v6\/wp-content\/uploads\/2024\/07\/Nancy-HE-1.png 591w, https:\/\/www.comie.org.mx\/v6\/wp-content\/uploads\/2024\/07\/Nancy-HE-1-250x300.png 250w\" sizes=\"(max-width: 591px) 100vw, 591px\" \/><\/figure>\n<\/div>\n<\/div>\n\n\n\n<div class=\"wp-block-columns is-layout-flex wp-container-core-columns-is-layout-2 wp-block-columns-is-layout-flex\" style=\"padding-top:0;padding-right:0;padding-bottom:0;padding-left:0\">\n<div class=\"wp-block-column is-layout-flow wp-block-column-is-layout-flow\">\n<div itemprop=\"location\" itemscope itemtype=\"http:\/\/schema.org\/Organization\" class=\"wp-block-jetpack-contact-info\">\n<h5 class=\"wp-block-heading has-text-align-left has-accent-primary-color has-text-color has-link-color wp-elements-7bec09bbee52bddf87abc79edb8f18b8\" style=\"margin-top:var(--wp--preset--spacing--30);margin-bottom:var(--wp--preset--spacing--30);padding-top:0;padding-right:0;padding-bottom:0;padding-left:0\"><strong>Alfredo Meneses Matilde<\/strong><\/h5>\n\n\n\n<p style=\"margin-top:0;margin-bottom:0;padding-top:0;padding-right:0;padding-bottom:0;padding-left:0\"><em>SECRETARIO T\u00c9CNICO<\/em><\/p>\n\n\n\n<div class=\"wp-block-jetpack-email\"><a itemprop=\"email\" href=\"mailto:secretariatecnica@comie.org.mx\">secretariatecnica@comie.org.mx<\/a><\/div>\n\n\n\n<div class=\"wp-block-jetpack-phone\"><span itemprop=\"telephone\"><a href=\"tel:5530892815107\">55 3089 2815 ext. 107<\/a><\/span><\/div>\n<\/div>\n<\/div>\n\n\n\n<div class=\"wp-block-column is-layout-flow wp-block-column-is-layout-flow\">\n<div itemprop=\"location\" itemscope itemtype=\"http:\/\/schema.org\/Organization\" class=\"wp-block-jetpack-contact-info\">\n<h5 class=\"wp-block-heading has-text-align-left has-accent-primary-color has-text-color has-link-color wp-elements-fd3a802f60d7c9fff2369a4930caabde\" style=\"margin-top:var(--wp--preset--spacing--30);margin-bottom:var(--wp--preset--spacing--30);padding-top:0;padding-right:0;padding-bottom:0;padding-left:0\"><strong>Nancy Herrera Echeverr\u00eda<\/strong><\/h5>\n\n\n\n<p style=\"margin-top:0;margin-bottom:0;padding-top:0;padding-right:0;padding-bottom:0;padding-left:0\"><em>APOYO T\u00c9CNICO<\/em><\/p>\n\n\n\n<div class=\"wp-block-jetpack-email\"><a itemprop=\"email\" href=\"mailto:apoyotecnico@comie.org.mx\">apoyotecnico@comie.org.mx<\/a><\/div>\n\n\n\n<div class=\"wp-block-jetpack-phone\"><span itemprop=\"telephone\"><a href=\"tel:5530892815105\">55 3089 2815 ext. 105<\/a><\/span><\/div>\n<\/div>\n<\/div>\n<\/div>\n\n\n\n<div class=\"wp-block-columns is-layout-flex wp-container-core-columns-is-layout-3 wp-block-columns-is-layout-flex\">\n<div class=\"wp-block-column is-layout-flow wp-block-column-is-layout-flow\">\n<figure class=\"wp-block-image size-full is-resized\"><img loading=\"lazy\" decoding=\"async\" width=\"591\" height=\"709\" src=\"https:\/\/www.comie.org.mx\/v6\/wp-content\/uploads\/2024\/07\/SERGIO-EPR-1.png\" alt=\"\" class=\"wp-image-2046\" style=\"width:317px;height:auto\" srcset=\"https:\/\/www.comie.org.mx\/v6\/wp-content\/uploads\/2024\/07\/SERGIO-EPR-1.png 591w, https:\/\/www.comie.org.mx\/v6\/wp-content\/uploads\/2024\/07\/SERGIO-EPR-1-250x300.png 250w\" sizes=\"(max-width: 591px) 100vw, 591px\" \/><\/figure>\n<\/div>\n\n\n\n<div class=\"wp-block-column is-layout-flow wp-block-column-is-layout-flow\">\n<figure class=\"wp-block-image size-full is-resized\"><img loading=\"lazy\" decoding=\"async\" width=\"591\" height=\"709\" src=\"https:\/\/www.comie.org.mx\/v6\/wp-content\/uploads\/2024\/07\/DANIELA-AC-1.png\" alt=\"\" class=\"wp-image-2047\" style=\"width:315px;height:auto\" srcset=\"https:\/\/www.comie.org.mx\/v6\/wp-content\/uploads\/2024\/07\/DANIELA-AC-1.png 591w, https:\/\/www.comie.org.mx\/v6\/wp-content\/uploads\/2024\/07\/DANIELA-AC-1-250x300.png 250w\" sizes=\"(max-width: 591px) 100vw, 591px\" \/><\/figure>\n<\/div>\n<\/div>\n\n\n\n<div class=\"wp-block-columns is-layout-flex wp-container-core-columns-is-layout-4 wp-block-columns-is-layout-flex\" style=\"padding-top:0;padding-right:0;padding-bottom:0;padding-left:0\">\n<div class=\"wp-block-column is-layout-flow wp-block-column-is-layout-flow\">\n<div itemprop=\"location\" itemscope itemtype=\"http:\/\/schema.org\/Organization\" class=\"wp-block-jetpack-contact-info\">\n<h5 class=\"wp-block-heading has-text-align-left has-accent-primary-color has-text-color has-link-color wp-elements-a740b2738cb644e72aa253e3d6294b64\" style=\"margin-top:var(--wp--preset--spacing--30);margin-bottom:var(--wp--preset--spacing--30);padding-top:0;padding-right:0;padding-bottom:0;padding-left:0\"><strong>Sergio Enrique Pozos Retana<\/strong><\/h5>\n\n\n\n<p style=\"margin-top:0;margin-bottom:0;padding-top:0;padding-right:0;padding-bottom:0;padding-left:0\"><em>AN\u00c1LISIS Y GESTI\u00d3N DE INFORMACI\u00d3N<\/em><\/p>\n\n\n\n<div class=\"wp-block-jetpack-email\"><a itemprop=\"email\" href=\"mailto:sistemas@comie.org.mx\">sistemas@comie.org.mx<\/a><\/div>\n\n\n\n<div class=\"wp-block-jetpack-phone\"><span itemprop=\"telephone\"><a href=\"tel:5530892815104\">55 3089 2815 ext. 104<\/a><\/span><\/div>\n<\/div>\n<\/div>\n\n\n\n<div class=\"wp-block-column is-layout-flow wp-block-column-is-layout-flow\">\n<div itemprop=\"location\" itemscope itemtype=\"http:\/\/schema.org\/Organization\" class=\"wp-block-jetpack-contact-info\">\n<h5 class=\"wp-block-heading has-text-align-left has-accent-primary-color has-text-color has-link-color wp-elements-2550cedd9a6b8e7643ae672dbf840abf\" style=\"margin-top:var(--wp--preset--spacing--30);margin-bottom:var(--wp--preset--spacing--30);padding-top:0;padding-right:0;padding-bottom:0;padding-left:0\"><strong>Daniela Alvarado Castillo<\/strong><\/h5>\n\n\n\n<p style=\"margin-top:0;margin-bottom:0;padding-top:0;padding-right:0;padding-bottom:0;padding-left:0\"><em>COMUNICACI\u00d3N Y DIFUSI\u00d3N<\/em><\/p>\n\n\n\n<div class=\"wp-block-jetpack-email\"><a itemprop=\"email\" href=\"mailto:comunicacion@comie.org.mx\">comunicacion@comie.org.mx<\/a><\/div>\n\n\n\n<div class=\"wp-block-jetpack-phone\"><span itemprop=\"telephone\"><a href=\"tel:5530892815102\">55 3089 2815 ext. 102<\/a><\/span><\/div>\n<\/div>\n<\/div>\n<\/div>\n\n\n\n<p><\/p>\n","protected":false},"excerpt":{"rendered":"<p>Meet our amazing and creative team. This is an example excerpt. Excerpts are summaries of the full page content.<\/p>\n","protected":false},"author":1,"featured_media":0,"parent":0,"menu_order":0,"comment_status":"closed","ping_status":"closed","template":"","meta":{"footnotes":""},"class_list":["post-420","page","type-page","status-publish","hentry"],"jetpack_sharing_enabled":true,"_links":{"self":[{"href":"https:\/\/www.comie.org.mx\/v6\/wp-json\/wp\/v2\/pages\/420"}],"collection":[{"href":"https:\/\/www.comie.org.mx\/v6\/wp-json\/wp\/v2\/pages"}],"about":[{"href":"https:\/\/www.comie.org.mx\/v6\/wp-json\/wp\/v2\/types\/page"}],"author":[{"embeddable":true,"href":"https:\/\/www.comie.org.mx\/v6\/wp-json\/wp\/v2\/users\/1"}],"replies":[{"embeddable":true,"href":"https:\/\/www.comie.org.mx\/v6\/wp-json\/wp\/v2\/comments?post=420"}],"version-history":[{"count":5,"href":"https:\/\/www.comie.org.mx\/v6\/wp-json\/wp\/v2\/pages\/420\/revisions"}],"predecessor-version":[{"id":2320,"href":"https:\/\/www.comie.org.mx\/v6\/wp-json\/wp\/v2\/pages\/420\/revisions\/2320"}],"wp:attachment":[{"href":"https:\/\/www.comie.org.mx\/v6\/wp-json\/wp\/v2\/media?parent=420"}],"curies":[{"name":"wp","href":"https:\/\/api.w.org\/{rel}","templated":true}]}}