{"id":551,"date":"2018-12-14T22:19:36","date_gmt":"2018-12-14T22:19:36","guid":{"rendered":"https:\/\/organicthemes.com\/demo\/natural-block\/shop\/"},"modified":"2024-07-22T20:02:28","modified_gmt":"2024-07-22T20:02:28","slug":"areas-tematicas","status":"publish","type":"page","link":"https:\/\/www.comie.org.mx\/v6\/areas-tematicas\/","title":{"rendered":"ORGANIZACI\u00d3N ACADEMICA"},"content":{"rendered":"\n<div class=\"wp-block-columns alignwide is-layout-flex wp-container-core-columns-is-layout-1 wp-block-columns-is-layout-flex\">\n<div class=\"wp-block-column is-layout-flow wp-block-column-is-layout-flow\" style=\"flex-basis:100%\">\n<p class=\"has-medium-large-font-size\">A lo largo de sus historia, la organizaci\u00f3n acad\u00e9mica del COMIE se ha consolidado en <strong>18 \u00e1reas tem\u00e1ticas<\/strong> que definen las l\u00edneas de investigaci\u00f3n de sus asociadas y asociados, estas son:<\/p>\n<\/div>\n<\/div>\n\n\n\n<figure class=\"wp-block-table alignwide\"><table class=\"has-fixed-layout\"><tbody><tr><td>1.&nbsp;<a href=\"https:\/\/www.comie.org.mx\/v5\/sitio\/wp-content\/uploads\/2023\/05\/AT1_CLAUDIA_PONTON.pdf\" target=\"_blank\" rel=\"noreferrer noopener\">Filosof\u00eda, teor\u00eda y campo de la educaci\u00f3n<\/a><\/td><\/tr><tr><td>2. Historia e historiograf\u00eda de la educaci\u00f3n<\/td><\/tr><tr><td>3.&nbsp;<a href=\"https:\/\/www.comie.org.mx\/v5\/sitio\/wp-content\/uploads\/2021\/02\/AT_3.2.pdf\" target=\"_blank\" rel=\"noreferrer noopener\">Investigaci\u00f3n de la investigaci\u00f3n educativa<\/a><\/td><\/tr><tr><td>4.&nbsp;<a href=\"https:\/\/www.comie.org.mx\/v5\/sitio\/wp-content\/uploads\/2023\/05\/AT4_FERNANDA_INEZ_GARCIA.pdf\" target=\"_blank\" rel=\"noreferrer noopener\">Procesos de aprendizaje y educaci\u00f3n<\/a><\/td><\/tr><tr><td>5.&nbsp;<a href=\"https:\/\/www.comie.org.mx\/v5\/sitio\/wp-content\/uploads\/2023\/05\/AT5_ROCIO_ANDRADE.pdf\" target=\"_blank\" rel=\"noreferrer noopener\">Curr\u00edculo<\/a><\/td><\/tr><tr><td>6.&nbsp;<a href=\"https:\/\/www.comie.org.mx\/v5\/sitio\/wp-content\/uploads\/2023\/05\/AT6_JESUS_ARTURO.pdf\" target=\"_blank\" rel=\"noreferrer noopener\">Educaci\u00f3n en campos disciplinares<\/a><\/td><\/tr><tr><td>7. Pr\u00e1cticas educativas en espacios escolares<\/td><\/tr><tr><td>8. P<a href=\"https:\/\/www.comie.org.mx\/v5\/sitio\/wp-content\/uploads\/2023\/05\/AT8_PATY_DUCOING.pdf\" target=\"_blank\" rel=\"noreferrer noopener\">rocesos de formaci\u00f3n<\/a><\/td><\/tr><tr><td>9. Sujetos de la educaci\u00f3n<\/td><\/tr><tr><td>10.&nbsp;<a href=\"https:\/\/www.comie.org.mx\/v5\/sitio\/wp-content\/uploads\/2023\/05\/AT10_GERARDO_MALAGA.pdf\" target=\"_blank\" rel=\"noreferrer noopener\">Pol\u00edtica y gesti\u00f3n de la educaci\u00f3n<\/a><\/td><\/tr><tr><td>11.&nbsp;<a href=\"https:\/\/www.comie.org.mx\/v5\/sitio\/wp-content\/uploads\/2023\/05\/AT11_ROSALBA_BADILLO.pdf\" target=\"_blank\" rel=\"noreferrer noopener\">Educaci\u00f3n superior y ciencia, tecnolog\u00eda e innovaci\u00f3n<\/a><\/td><\/tr><tr><td>12.&nbsp;<a href=\"https:\/\/www.comie.org.mx\/v5\/sitio\/wp-content\/uploads\/2023\/05\/AT12_VIRGINIA_AGUILAR.pdf\" target=\"_blank\" rel=\"noreferrer noopener\">Evaluaci\u00f3n educativa<\/a><\/td><\/tr><tr><td>13.&nbsp;<a href=\"https:\/\/www.comie.org.mx\/v5\/sitio\/wp-content\/uploads\/2023\/05\/AT13_DIEGO_JUAREZ.pdf\" target=\"_blank\" rel=\"noreferrer noopener\">Educaci\u00f3n, desigualdad social e inclusi\u00f3n, trabajo y empleo<\/a><\/td><\/tr><tr><td>14.&nbsp;<a href=\"https:\/\/www.comie.org.mx\/v5\/sitio\/wp-content\/uploads\/2023\/09\/AT14_CECILIA_NAVIA.pdf\" target=\"_blank\" rel=\"noreferrer noopener\">Educaci\u00f3n y valores<\/a><\/td><\/tr><tr><td>15.&nbsp;<a href=\"https:\/\/www.comie.org.mx\/v5\/sitio\/wp-content\/uploads\/2023\/05\/AT15_ALFREDO_FURLAN.pdf\" target=\"_blank\" rel=\"noreferrer noopener\">Convivencia, disciplina y violencia en las escuelas<\/a><\/td><\/tr><tr><td>16.&nbsp;<a href=\"https:\/\/www.comie.org.mx\/v5\/sitio\/wp-content\/uploads\/2023\/05\/AT16_ELIZABETH_M_BUENABAD.pdf\" target=\"_blank\" rel=\"noreferrer noopener\">Multiculturalismo, interculturalidad y educaci\u00f3n<\/a><\/td><\/tr><tr><td>17.&nbsp;<a href=\"https:\/\/www.comie.org.mx\/v5\/sitio\/wp-content\/uploads\/2023\/05\/AT17_MIGUE_ARIAS.pdf\" target=\"_blank\" rel=\"noreferrer noopener\">Educaci\u00f3n ambiental para la sustentabilidad<\/a><\/td><\/tr><tr><td>18.&nbsp;<a href=\"https:\/\/www.comie.org.mx\/v5\/sitio\/wp-content\/uploads\/2023\/05\/AT18_ALEXANDRO_ESCUDERO.pdf\">Tecnolog\u00edas de la Informaci\u00f3n y la Comunicaci\u00f3n (TIC) en educaci\u00f3n<\/a><\/td><\/tr><\/tbody><\/table><\/figure>\n","protected":false},"excerpt":{"rendered":"<p>A lo largo de sus historia, la organizaci\u00f3n acad\u00e9mica del COMIE se ha consolidado en 18 \u00e1reas tem\u00e1ticas que definen las l\u00edneas de investigaci\u00f3n de sus asociadas y asociados, estas son: 1.&nbsp;Filosof\u00eda, teor\u00eda y campo de la educaci\u00f3n 2. Historia e historiograf\u00eda de la educaci\u00f3n 3.&nbsp;Investigaci\u00f3n de la investigaci\u00f3n educativa 4.&nbsp;Procesos de aprendizaje y educaci\u00f3n [&hellip;]<\/p>\n","protected":false},"author":1,"featured_media":2007,"parent":0,"menu_order":0,"comment_status":"closed","ping_status":"closed","template":"","meta":{"footnotes":""},"class_list":["post-551","page","type-page","status-publish","has-post-thumbnail","hentry"],"jetpack_sharing_enabled":true,"_links":{"self":[{"href":"https:\/\/www.comie.org.mx\/v6\/wp-json\/wp\/v2\/pages\/551"}],"collection":[{"href":"https:\/\/www.comie.org.mx\/v6\/wp-json\/wp\/v2\/pages"}],"about":[{"href":"https:\/\/www.comie.org.mx\/v6\/wp-json\/wp\/v2\/types\/page"}],"author":[{"embeddable":true,"href":"https:\/\/www.comie.org.mx\/v6\/wp-json\/wp\/v2\/users\/1"}],"replies":[{"embeddable":true,"href":"https:\/\/www.comie.org.mx\/v6\/wp-json\/wp\/v2\/comments?post=551"}],"version-history":[{"count":2,"href":"https:\/\/www.comie.org.mx\/v6\/wp-json\/wp\/v2\/pages\/551\/revisions"}],"predecessor-version":[{"id":2008,"href":"https:\/\/www.comie.org.mx\/v6\/wp-json\/wp\/v2\/pages\/551\/revisions\/2008"}],"wp:featuredmedia":[{"embeddable":true,"href":"https:\/\/www.comie.org.mx\/v6\/wp-json\/wp\/v2\/media\/2007"}],"wp:attachment":[{"href":"https:\/\/www.comie.org.mx\/v6\/wp-json\/wp\/v2\/media?parent=551"}],"curies":[{"name":"wp","href":"https:\/\/api.w.org\/{rel}","templated":true}]}}