{"id":552,"date":"2018-12-14T22:19:36","date_gmt":"2018-12-14T22:19:36","guid":{"rendered":"https:\/\/organicthemes.com\/demo\/natural-block\/cart\/"},"modified":"2026-03-10T17:00:26","modified_gmt":"2026-03-10T17:00:26","slug":"catalogo-general","status":"publish","type":"page","link":"https:\/\/www.comie.org.mx\/v6\/catalogo-general\/","title":{"rendered":"CAT\u00c1LOGO GENERAL"},"content":{"rendered":"\n<figure class=\"wp-block-table\"><table class=\"has-fixed-layout\"><tbody><tr><td><strong>T\u00cdTULO<\/strong><\/td><td><strong>ISBN<\/strong><\/td><td><strong>URL<\/strong><\/td><\/tr><tr><td><a href=\"https:\/\/comie.org.mx\/multimedia\/textos\/desafi%CC%81osParaLaPoli%CC%81ticaEducativaEnMe%CC%81xico.pdf\" target=\"_blank\" rel=\"noreferrer noopener\"><strong>Desaf\u00edos para la pol\u00edtica educativa en M\u00e9xico.<br>An\u00e1lisis, propuestas y prospectivas desde la investigaci\u00f3n educativa realizada entre 2012 y 2021.<\/strong><\/a><\/td><td>978-607-7923-72-5<\/td><td><strong><a href=\"https:\/\/comie.org.mx\/multimedia\/textos\/desafi%CC%81osParaLaPoli%CC%81ticaEducativaEnMe%CC%81xico.pdf\" target=\"_blank\" rel=\"noreferrer noopener\">Descarga aqu\u00ed<\/a><\/strong><\/td><\/tr><tr><td><a href=\"https:\/\/comie.org.mx\/multimedia\/textos\/problemas.propuestas.educativas.2025.pdf\" target=\"_blank\" rel=\"noreferrer noopener\"><strong>Problemas y propuestas educativas. Una mirada desde la investigaci\u00f3n<\/strong><\/a><\/td><td>978-607-7923-52-7<\/td><td><a href=\"https:\/\/comie.org.mx\/multimedia\/textos\/problemas.propuestas.educativas.2025.pdf\" target=\"_blank\" rel=\"noreferrer noopener\"><strong>Descarga aqu\u00ed<\/strong><\/a><\/td><\/tr><tr><td><a href=\"https:\/\/comie.org.mx\/multimedia\/textos\/MasAllaDeLoInmediato.pdf\" target=\"_blank\" rel=\"noreferrer noopener\"><strong>M\u00e1s all\u00e1 de lo inmediato. Nuevos sentidos para el campo educativo desde la investigaci\u00f3n<\/strong><\/a><\/td><td>978-607-7923-34-3<\/td><td><strong><a href=\"https:\/\/comie.org.mx\/multimedia\/textos\/MasAllaDeLoInmediato.pdf\">Descarga aqu\u00ed<\/a><\/strong><\/td><\/tr><tr><td><a href=\"https:\/\/comie.org.mx\/multimedia\/textos\/El-nuevo-oficio-del-investigador-educativo.pdf\" target=\"_blank\" rel=\"noreferrer noopener\"><strong>El nuevo oficio del investigador educativo. Una introducci\u00f3n metodol\u00f3gica.<\/strong><\/a><\/td><td>978-607-7923-29-9<\/td><td><a href=\"https:\/\/comie.org.mx\/multimedia\/textos\/El-nuevo-oficio-del-investigador-educativo.pdf\" target=\"_blank\" rel=\"noreferrer noopener\"><strong>Descarga aqu\u00ed<\/strong><\/a><\/td><\/tr><tr><td><a href=\"https:\/\/comie.org.mx\/multimedia\/textos\/2019_libro_investigacion_educativa_ante_cambio_gobierno_mexico.pdf\" target=\"_blank\" rel=\"noreferrer noopener\"><strong>La investigaci\u00f3n educativa ante el cambio de gobierno en M\u00e9xico<\/strong><\/a><\/td><td>978-607-7923-27-5<\/td><td><a href=\"https:\/\/comie.org.mx\/multimedia\/textos\/2019_libro_investigacion_educativa_ante_cambio_gobierno_mexico.pdf\" target=\"_blank\" rel=\"noreferrer noopener\"><strong>Descarga aqu\u00ed<\/strong><\/a><\/td><\/tr><tr><td>Notas para una agenda de investigaci\u00f3n regional<\/td><td>968-7542-37-3<\/td><td>No disponible<\/td><\/tr><tr><td>Linderos: Di\u00e1logos sobre la investigaci\u00f3n educativa<\/td><td>968-7165-72-2<\/td><td>No disponible<\/td><\/tr><tr><td>Trayectorias conceptuales y entramados discursivos en el campo pedag\u00f3gico en M\u00e9x.<\/td><td>84-87682-61-8<\/td><td>No disponible<\/td><\/tr><tr><td>Hacer visibles buenas pr\u00e1cticas<\/td><td>968-7542-36-5<\/td><td>No disponible<\/td><\/tr><tr><td>Mejoras para una calidad educativa en M\u00e9xico<\/td><td>968-7542-39-X<\/td><td>No disponible<\/td><\/tr><tr><td>Homenaje a Guillermina Waldegg<\/td><td>978-607-413-005-8<\/td><td>No disponible<\/td><\/tr><tr><td>\u00bfQu\u00e9 dice la investigaci\u00f3n educativa?<\/td><td>968-7542-43-8<\/td><td>No disponible<\/td><\/tr><tr><td>M\u00e1s all\u00e1 de los muros. Adolescencias rurales y experiencias estudiantiles en telesecundarias.<\/td><td>978-607-7923-04-6<\/td><td>No disponible<\/td><\/tr><tr><td>Los saberes docentes de maestros en primaria con grupos multigrado<\/td><td>978-607-7923-03-9<\/td><td>No disponible<\/td><\/tr><tr><td>Educaci\u00f3n ind\u00edgena y resiliencia: El caso de los egresados de la Telesecundaria<\/td><td>978-607-7923-07-7<\/td><td>No disponible<\/td><\/tr><tr><td>Emprender e innovar en la incertidumbre: El establecimiento de la Uam-Cuajimalpa como experiencia institucional<\/td><td>978-607-7923-08-4<\/td><td>No disponible<\/td><\/tr><tr><td>La antesala del ascenso a la direcci\u00f3n. Trayectorias de subdirectores de secundarias mexicanas<\/td><td>978-607-7923-23-7<\/td><td>No disponible<\/td><\/tr><tr><td>De Huellas, aprendizajes, legados y no retornos. La experiencia de un grupo de pedagogos argentinos en el exilio mexicano (1975-1983)<\/td><td>978-607-7923-24-4<\/td><td>No disponible<\/td><\/tr><\/tbody><\/table><\/figure>\n","protected":false},"excerpt":{"rendered":"<p>T\u00cdTULO ISBN URL Desaf\u00edos para la pol\u00edtica educativa en M\u00e9xico.An\u00e1lisis, propuestas y prospectivas desde la investigaci\u00f3n educativa realizada entre 2012 y 2021. 978-607-7923-72-5 Descarga aqu\u00ed Problemas y propuestas educativas. Una mirada desde la investigaci\u00f3n 978-607-7923-52-7 Descarga aqu\u00ed M\u00e1s all\u00e1 de lo inmediato. Nuevos sentidos para el campo educativo desde la investigaci\u00f3n 978-607-7923-34-3 Descarga aqu\u00ed El [&hellip;]<\/p>\n","protected":false},"author":1,"featured_media":0,"parent":0,"menu_order":0,"comment_status":"closed","ping_status":"closed","template":"","meta":{"footnotes":""},"class_list":["post-552","page","type-page","status-publish","hentry"],"jetpack_sharing_enabled":true,"_links":{"self":[{"href":"https:\/\/www.comie.org.mx\/v6\/wp-json\/wp\/v2\/pages\/552"}],"collection":[{"href":"https:\/\/www.comie.org.mx\/v6\/wp-json\/wp\/v2\/pages"}],"about":[{"href":"https:\/\/www.comie.org.mx\/v6\/wp-json\/wp\/v2\/types\/page"}],"author":[{"embeddable":true,"href":"https:\/\/www.comie.org.mx\/v6\/wp-json\/wp\/v2\/users\/1"}],"replies":[{"embeddable":true,"href":"https:\/\/www.comie.org.mx\/v6\/wp-json\/wp\/v2\/comments?post=552"}],"version-history":[{"count":6,"href":"https:\/\/www.comie.org.mx\/v6\/wp-json\/wp\/v2\/pages\/552\/revisions"}],"predecessor-version":[{"id":2585,"href":"https:\/\/www.comie.org.mx\/v6\/wp-json\/wp\/v2\/pages\/552\/revisions\/2585"}],"wp:attachment":[{"href":"https:\/\/www.comie.org.mx\/v6\/wp-json\/wp\/v2\/media?parent=552"}],"curies":[{"name":"wp","href":"https:\/\/api.w.org\/{rel}","templated":true}]}}